{"id":4777,"date":"2020-09-01T19:01:14","date_gmt":"2020-09-01T19:01:14","guid":{"rendered":"https:\/\/meu-lugar.com\/?page_id=4777"},"modified":"2025-02-28T16:53:22","modified_gmt":"2025-02-28T19:53:22","slug":"quem-somos","status":"publish","type":"page","link":"https:\/\/www.igrejasdiscipuladoras.com.br\/es\/quem-somos\/","title":{"rendered":"Quienes somos"},"content":{"rendered":"<div data-elementor-type=\"wp-page\" data-elementor-id=\"4777\" class=\"elementor elementor-4777\" data-elementor-post-type=\"page\">\n\t\t\t\t        <section class=\"elementor-section elementor-top-section elementor-element elementor-element-c453937 elementor-section-boxed elementor-section-height-default elementor-section-height-default\" data-id=\"c453937\" data-element_type=\"section\" data-e-type=\"section\">\n            \n                        <div class=\"elementor-container elementor-column-gap-default\">\n                    <div class=\"elementor-column elementor-col-100 elementor-top-column elementor-element elementor-element-7d91152\" data-id=\"7d91152\" data-element_type=\"column\" data-e-type=\"column\">\n        <div class=\"elementor-widget-wrap elementor-element-populated\">\n                    \n        \t\t<div class=\"elementor-element elementor-element-d81288e elementor-widget elementor-widget-heading\" data-id=\"d81288e\" data-element_type=\"widget\" data-e-type=\"widget\" data-settings=\"{&quot;_animation&quot;:&quot;none&quot;}\" data-widget_type=\"heading.default\">\n\t\t\t\t<div class=\"elementor-widget-container\">\n\t\t\t\t\t<h2 class=\"elementor-heading-title elementor-size-large\">C\u00d3MO LAS IGLESIAS DE DISCIPULADO SE CONVIERTEN EN UN MINISTERIO<\/h2>\t\t\t\t<\/div>\n\t\t\t\t<\/div>\n\t\t\t\t<div class=\"elementor-element elementor-element-5c83cdc elementor-widget elementor-widget-text-editor\" data-id=\"5c83cdc\" data-element_type=\"widget\" data-e-type=\"widget\" data-settings=\"{&quot;_animation&quot;:&quot;none&quot;}\" data-widget_type=\"text-editor.default\">\n\t\t\t\t<div class=\"elementor-widget-container\">\n\t\t\t\t\t\t\t\t\t<p>Somos un ministerio con un coraz\u00f3n para el discipulado y la consejer\u00eda. Con el tiempo, hemos desarrollado diversas capacitaciones y asesorado sobre varios proyectos de discipulado denominacional para pastores, c\u00f3nyuges y l\u00edderes.<\/p><p>Hemos capacitado y movilizado pastores, c\u00f3nyuges y l\u00edderes para experimentar una iglesia saludable que exprese y extienda el Reino de Dios.\u00a0<span style=\"color: inherit; font-family: inherit; font-weight: inherit; letter-spacing: 0px;\">Y todo esto depende de pastores sanos. Pastores cuyos corazones laten con el coraz\u00f3n de Dios.<\/span><\/p><p><span style=\"color: inherit; font-family: inherit; font-weight: inherit; letter-spacing: 0px;\">Los que aman profundamente porque se saben amados maravillosamente. Hombres y mujeres realizados, llenos del poder divino y de los frutos del Esp\u00edritu. Vida equilibrada y saludable. Bodas que ilustran bien el misterio de amor entre Jes\u00fas y su Esposa, la Iglesia. Familias de referencia que muestran el camino a otras familias.<\/span><\/p><p>El aporte del Ministerio Discipulado de Iglesias se ha basado en tres l\u00edneas principales de acci\u00f3n: <b>discipulado, formaci\u00f3n y asesoramiento.<\/b><\/p><p>\u00a0<\/p>\t\t\t\t\t\t\t\t<\/div>\n\t\t\t\t<\/div>\n\t\t            <\/div>\n        <\/div>\n                    <\/div>\n        <\/section>\n                <section class=\"elementor-section elementor-top-section elementor-element elementor-element-ffb1584 elementor-section-boxed elementor-section-height-default elementor-section-height-default\" data-id=\"ffb1584\" data-element_type=\"section\" data-e-type=\"section\">\n            \n                        <div class=\"elementor-container elementor-column-gap-default\">\n                    <div class=\"elementor-column elementor-col-100 elementor-top-column elementor-element elementor-element-a03ec51\" data-id=\"a03ec51\" data-element_type=\"column\" data-e-type=\"column\">\n        <div class=\"elementor-widget-wrap\">\n                    \n                    <\/div>\n        <\/div>\n                    <\/div>\n        <\/section>\n                <section class=\"elementor-section elementor-top-section elementor-element elementor-element-9dc7edc elementor-section-boxed elementor-section-height-default elementor-section-height-default\" data-id=\"9dc7edc\" data-element_type=\"section\" data-e-type=\"section\">\n            \n                        <div class=\"elementor-container elementor-column-gap-default\">\n                    <div class=\"elementor-column elementor-col-33 elementor-top-column elementor-element elementor-element-78b9ebe\" data-id=\"78b9ebe\" data-element_type=\"column\" data-e-type=\"column\">\n        <div class=\"elementor-widget-wrap elementor-element-populated\">\n                    \n        \t\t<div class=\"elementor-element elementor-element-8061660 elementor-widget elementor-widget-heading\" data-id=\"8061660\" data-element_type=\"widget\" data-e-type=\"widget\" data-widget_type=\"heading.default\">\n\t\t\t\t<div class=\"elementor-widget-container\">\n\t\t\t\t\t<h5 class=\"elementor-heading-title elementor-size-default\">DISCIPULADO<\/h5>\t\t\t\t<\/div>\n\t\t\t\t<\/div>\n\t\t            <\/div>\n        <\/div>\n                <div class=\"elementor-column elementor-col-33 elementor-top-column elementor-element elementor-element-bd15aeb\" data-id=\"bd15aeb\" data-element_type=\"column\" data-e-type=\"column\">\n        <div class=\"elementor-widget-wrap elementor-element-populated\">\n                    \n        \t\t<div class=\"elementor-element elementor-element-e23a4eb elementor-widget elementor-widget-heading\" data-id=\"e23a4eb\" data-element_type=\"widget\" data-e-type=\"widget\" data-widget_type=\"heading.default\">\n\t\t\t\t<div class=\"elementor-widget-container\">\n\t\t\t\t\t<h5 class=\"elementor-heading-title elementor-size-default\">CAPACITACI\u00d3N<\/h5>\t\t\t\t<\/div>\n\t\t\t\t<\/div>\n\t\t            <\/div>\n        <\/div>\n                <div class=\"elementor-column elementor-col-33 elementor-top-column elementor-element elementor-element-386241f\" data-id=\"386241f\" data-element_type=\"column\" data-e-type=\"column\">\n        <div class=\"elementor-widget-wrap elementor-element-populated\">\n                    \n        \t\t<div class=\"elementor-element elementor-element-7f62843 elementor-widget elementor-widget-heading\" data-id=\"7f62843\" data-element_type=\"widget\" data-e-type=\"widget\" data-widget_type=\"heading.default\">\n\t\t\t\t<div class=\"elementor-widget-container\">\n\t\t\t\t\t<h5 class=\"elementor-heading-title elementor-size-default\">CONSULTIVO<\/h5>\t\t\t\t<\/div>\n\t\t\t\t<\/div>\n\t\t            <\/div>\n        <\/div>\n                    <\/div>\n        <\/section>\n                <section class=\"elementor-section elementor-top-section elementor-element elementor-element-44126e1 elementor-section-boxed elementor-section-height-default elementor-section-height-default\" data-id=\"44126e1\" data-element_type=\"section\" data-e-type=\"section\">\n            \n                        <div class=\"elementor-container elementor-column-gap-default\">\n                    <div class=\"elementor-column elementor-col-33 elementor-top-column elementor-element elementor-element-3db2ff4\" data-id=\"3db2ff4\" data-element_type=\"column\" data-e-type=\"column\">\n        <div class=\"elementor-widget-wrap elementor-element-populated\">\n                    \n        \t\t<div class=\"elementor-element elementor-element-f238a46 elementor-widget elementor-widget-text-editor\" data-id=\"f238a46\" data-element_type=\"widget\" data-e-type=\"widget\" data-widget_type=\"text-editor.default\">\n\t\t\t\t<div class=\"elementor-widget-container\">\n\t\t\t\t\t\t\t\t\t<p>\u00a1Ser disc\u00edpulo y hacer disc\u00edpulos! Ya sea que una persona sea un cristiano relativamente nuevo, un miembro de la iglesia desde hace mucho tiempo, un l\u00edder o un pastor, todos debemos ser y hacer disc\u00edpulos. Sin experimentar el discipulado, cualquier estrategia se vuelve vac\u00eda, m\u00e1s te\u00f3rica que real, ya que falta el ADN.<br \/>\u201cBuscamos mejores estrategias, pero Dios busca mejores hombres\u201d, nos dice Bound. Dios unge personas y no estrategias.<br \/>Ense\u00f1amos lo que sabemos y reproducimos lo que somos, por eso s\u00f3lo un disc\u00edpulo de Jes\u00fas puede hacer disc\u00edpulos.<\/p>\t\t\t\t\t\t\t\t<\/div>\n\t\t\t\t<\/div>\n\t\t            <\/div>\n        <\/div>\n                <div class=\"elementor-column elementor-col-33 elementor-top-column elementor-element elementor-element-afa4c8d\" data-id=\"afa4c8d\" data-element_type=\"column\" data-e-type=\"column\">\n        <div class=\"elementor-widget-wrap elementor-element-populated\">\n                    \n        \t\t<div class=\"elementor-element elementor-element-ac8cdc2 elementor-widget elementor-widget-text-editor\" data-id=\"ac8cdc2\" data-element_type=\"widget\" data-e-type=\"widget\" data-widget_type=\"text-editor.default\">\n\t\t\t\t<div class=\"elementor-widget-container\">\n\t\t\t\t\t\t\t\t\t<p>La mayor\u00eda de las iglesias tienen una cultura de ense\u00f1anza, no de capacitaci\u00f3n, un enfoque en la informaci\u00f3n, no en la capacitaci\u00f3n. La formaci\u00f3n debe ir m\u00e1s all\u00e1, desarrollar competencias y no s\u00f3lo comprensi\u00f3n. El empoderamiento une la mente (contenido) con el coraz\u00f3n interno (sentimientos) y el cuerpo (acciones visibles). La formaci\u00f3n eficaz surge de una cultura de la formaci\u00f3n, lo que significa que las personas entrenan juntas, practican y mejoran juntas y refuerzan la formaci\u00f3n de los dem\u00e1s. El objetivo es que el entrenamiento sea sencillo y reproducible, generando un efecto multiplicador.<\/p>\t\t\t\t\t\t\t\t<\/div>\n\t\t\t\t<\/div>\n\t\t            <\/div>\n        <\/div>\n                <div class=\"elementor-column elementor-col-33 elementor-top-column elementor-element elementor-element-feba0b0\" data-id=\"feba0b0\" data-element_type=\"column\" data-e-type=\"column\">\n        <div class=\"elementor-widget-wrap elementor-element-populated\">\n                    \n        \t\t<div class=\"elementor-element elementor-element-63fdb07 elementor-widget elementor-widget-text-editor\" data-id=\"63fdb07\" data-element_type=\"widget\" data-e-type=\"widget\" data-widget_type=\"text-editor.default\">\n\t\t\t\t<div class=\"elementor-widget-container\">\n\t\t\t\t\t\t\t\t\t<p>El asesor es una persona responsable de elevar a los dem\u00e1s, es decir, brindarles los conocimientos, habilidades y t\u00e9cnicas necesarias para su desarrollo y su proyecto ministerial. Las dificultades internas y externas surgen de forma natural. Sin asesores, los nuevos conceptos y modelos se distorsionan y diluyen r\u00e1pidamente para parecerse m\u00e1s a viejos patrones bien conocidos. La asesor\u00eda puede realizarse de manera individual o grupal, con enfoque en el crecimiento intencional, principalmente en el desarrollo de su proyecto.<\/p>\t\t\t\t\t\t\t\t<\/div>\n\t\t\t\t<\/div>\n\t\t            <\/div>\n        <\/div>\n                    <\/div>\n        <\/section>\n                <section class=\"elementor-section elementor-top-section elementor-element elementor-element-c860aff elementor-section-boxed elementor-section-height-default elementor-section-height-default\" data-id=\"c860aff\" data-element_type=\"section\" data-e-type=\"section\">\n            \n                        <div class=\"elementor-container elementor-column-gap-default\">\n                    <div class=\"elementor-column elementor-col-100 elementor-top-column elementor-element elementor-element-2defb29\" data-id=\"2defb29\" data-element_type=\"column\" data-e-type=\"column\">\n        <div class=\"elementor-widget-wrap elementor-element-populated\">\n                    \n        \t\t<div class=\"elementor-element elementor-element-c669284 elementor-widget elementor-widget-heading\" data-id=\"c669284\" data-element_type=\"widget\" data-e-type=\"widget\" data-widget_type=\"heading.default\">\n\t\t\t\t<div class=\"elementor-widget-container\">\n\t\t\t\t\t<h2 class=\"elementor-heading-title elementor-size-medium\">Iglesias de Discipulado es un ministerio que existe para<\/h2>\t\t\t\t<\/div>\n\t\t\t\t<\/div>\n\t\t\t\t<div class=\"elementor-element elementor-element-823d20f elementor-widget elementor-widget-ct_heading\" data-id=\"823d20f\" data-element_type=\"widget\" data-e-type=\"widget\" data-widget_type=\"ct_heading.default\">\n\t\t\t\t<div class=\"elementor-widget-container\">\n\t\t\t\t\t<div class=\"ct-heading h-align-center wow zoomIn sub- ct-heading-left item-st-line-top1\" data-wow-delay=\"ms\">\r\n\t    <h3 class=\"item--title st-line-top1\">\r\n                    <div class=\"ct-heading-divider\"><span><\/span><\/div>\r\n                <span>\r\n                        Motivar, empoderar y movilizar pastores y l\u00edderes para ser y hacer disc\u00edpulos, estableciendo iglesias saludables y movimientos de discipulado contextualizados y multiplicadores.                    <\/span>\r\n            <\/h3>\r\n<\/div>\t\t\t\t<\/div>\n\t\t\t\t<\/div>\n\t\t\t\t<div class=\"elementor-element elementor-element-6b79f79 elementor-widget elementor-widget-heading\" data-id=\"6b79f79\" data-element_type=\"widget\" data-e-type=\"widget\" data-widget_type=\"heading.default\">\n\t\t\t\t<div class=\"elementor-widget-container\">\n\t\t\t\t\t<h2 class=\"elementor-heading-title elementor-size-medium\">Nuestro sue\u00f1o es ver a cada pastor, c\u00f3nyuge o l\u00edder siendo y haciendo disc\u00edpulos.<\/h2>\t\t\t\t<\/div>\n\t\t\t\t<\/div>\n\t\t            <\/div>\n        <\/div>\n                    <\/div>\n        <\/section>\n                <section class=\"elementor-section elementor-top-section elementor-element elementor-element-cf319fd elementor-section-boxed elementor-section-height-default elementor-section-height-default\" data-id=\"cf319fd\" data-element_type=\"section\" data-e-type=\"section\">\n            \n                        <div class=\"elementor-container elementor-column-gap-default\">\n                    <div class=\"elementor-column elementor-col-50 elementor-top-column elementor-element elementor-element-56cf4ec\" data-id=\"56cf4ec\" data-element_type=\"column\" data-e-type=\"column\">\n        <div class=\"elementor-widget-wrap elementor-element-populated\">\n                    \n        \t\t<div class=\"elementor-element elementor-element-5abc6ac elementor-widget elementor-widget-ct_fancy_box\" data-id=\"5abc6ac\" data-element_type=\"widget\" data-e-type=\"widget\" data-widget_type=\"ct_fancy_box.default\">\n\t\t\t\t<div class=\"elementor-widget-container\">\n\t\t\t\t\t<div class=\"ct-fancy-box ct-fancy-box-layout6\" data-wow-delay=\"ms\">\r\n            <div class=\"item--icon\">\r\n            <i aria-hidden=\"true\" class=\"far fa-eye\"><\/i>        <\/div>\r\n            <div class=\"item--holder\">\r\n        <h3 class=\"item--title\">\r\n            Visi\u00f3n        <\/h3>\r\n        <div class=\"item--description\">Pastores e iglesias saludables y formadores de disc\u00edpulos.<\/div>\r\n    <\/div>\r\n    <\/div>\t\t\t\t<\/div>\n\t\t\t\t<\/div>\n\t\t            <\/div>\n        <\/div>\n                <div class=\"elementor-column elementor-col-50 elementor-top-column elementor-element elementor-element-742c5bd\" data-id=\"742c5bd\" data-element_type=\"column\" data-e-type=\"column\">\n        <div class=\"elementor-widget-wrap elementor-element-populated\">\n                    \n        \t\t<div class=\"elementor-element elementor-element-003c462 elementor-widget elementor-widget-ct_fancy_box\" data-id=\"003c462\" data-element_type=\"widget\" data-e-type=\"widget\" data-widget_type=\"ct_fancy_box.default\">\n\t\t\t\t<div class=\"elementor-widget-container\">\n\t\t\t\t\t<div class=\"ct-fancy-box ct-fancy-box-layout6\" data-wow-delay=\"ms\">\r\n            <div class=\"item--icon\">\r\n            <i aria-hidden=\"true\" class=\"fas fa-hand-holding-heart\"><\/i>        <\/div>\r\n            <div class=\"item--holder\">\r\n        <h3 class=\"item--title\">\r\n            Nuestros valores son:        <\/h3>\r\n        <div class=\"item--description\">Identidad y llamado a ser disc\u00edpulo y discipulador; Servir a todo el Cuerpo de Cristo; Unidad de coraz\u00f3n y visi\u00f3n; Diversidad de caminos; Iglesias sanas, discipuladoras y multiplicadoras; Escuche a Dios.<span style=\"letter-spacing: 0px;\"><\/span><\/div>\r\n    <\/div>\r\n    <\/div>\t\t\t\t<\/div>\n\t\t\t\t<\/div>\n\t\t            <\/div>\n        <\/div>\n                    <\/div>\n        <\/section>\n        \t\t<\/div>","protected":false},"excerpt":{"rendered":"<p>COMO IGREJAS DISCIPULADORAS SE TORNOU UM MINIST\u00c9RIO Somos um minist\u00e9rio com o cora\u00e7\u00e3o voltado para o discipulado e assessoria. Ao longo do tempo desenvolvemos v\u00e1rias capacita\u00e7\u00f5es e assessoramos a v\u00e1rios projetos denominacionais de discipulado para pastores(as) e c\u00f4njuges e l\u00edderes. Temos capacitado e mobilizado pastores(as) e c\u00f4njuges e l\u00edderes para viv\u00eancia de uma igreja saud\u00e1vel [&hellip;]<\/p>\n","protected":false},"author":3,"featured_media":0,"parent":0,"menu_order":0,"comment_status":"closed","ping_status":"closed","template":"","meta":{"_acf_changed":false,"footnotes":""},"class_list":["post-4777","page","type-page","status-publish","hentry"],"acf":[],"yoast_head":"<!-- This site is optimized with the Yoast SEO plugin v27.4 - https:\/\/yoast.com\/product\/yoast-seo-wordpress\/ -->\n<title>Quem Somos - Igrejas Discipuladoras<\/title>\n<meta name=\"description\" content=\"Somos um minist\u00e9rio com o cora\u00e7\u00e3o voltado para o discipulado e assessoria.\" \/>\n<meta name=\"robots\" content=\"index, follow, max-snippet:-1, max-image-preview:large, max-video-preview:-1\" \/>\n<link rel=\"canonical\" href=\"https:\/\/www.igrejasdiscipuladoras.com.br\/es\/quem-somos\/\" \/>\n<meta property=\"og:locale\" content=\"es_ES\" \/>\n<meta property=\"og:type\" content=\"article\" \/>\n<meta property=\"og:title\" content=\"Quem Somos - Igrejas Discipuladoras\" \/>\n<meta property=\"og:description\" content=\"Somos um minist\u00e9rio com o cora\u00e7\u00e3o voltado para o discipulado e assessoria.\" \/>\n<meta property=\"og:url\" content=\"https:\/\/www.igrejasdiscipuladoras.com.br\/es\/quem-somos\/\" \/>\n<meta property=\"og:site_name\" content=\"Igrejas Discipuladoras\" \/>\n<meta property=\"article:publisher\" content=\"https:\/\/www.facebook.com\/igrejasdiscipuladoras\" \/>\n<meta property=\"article:modified_time\" content=\"2025-02-28T19:53:22+00:00\" \/>\n<meta name=\"twitter:card\" content=\"summary_large_image\" \/>\n<meta name=\"twitter:label1\" content=\"Tiempo de lectura\" \/>\n\t<meta name=\"twitter:data1\" content=\"3 minutos\" \/>\n<script type=\"application\/ld+json\" class=\"yoast-schema-graph\">{\"@context\":\"https:\\\/\\\/schema.org\",\"@graph\":[{\"@type\":\"WebPage\",\"@id\":\"https:\\\/\\\/www.igrejasdiscipuladoras.com.br\\\/br\\\/quem-somos\\\/\",\"url\":\"https:\\\/\\\/www.igrejasdiscipuladoras.com.br\\\/br\\\/quem-somos\\\/\",\"name\":\"Quem Somos - Igrejas Discipuladoras\",\"isPartOf\":{\"@id\":\"https:\\\/\\\/www.igrejasdiscipuladoras.com.br\\\/#website\"},\"datePublished\":\"2020-09-01T19:01:14+00:00\",\"dateModified\":\"2025-02-28T19:53:22+00:00\",\"description\":\"Somos um minist\u00e9rio com o cora\u00e7\u00e3o voltado para o discipulado e assessoria.\",\"breadcrumb\":{\"@id\":\"https:\\\/\\\/www.igrejasdiscipuladoras.com.br\\\/br\\\/quem-somos\\\/#breadcrumb\"},\"inLanguage\":\"es\",\"potentialAction\":[{\"@type\":\"ReadAction\",\"target\":[\"https:\\\/\\\/www.igrejasdiscipuladoras.com.br\\\/br\\\/quem-somos\\\/\"]}]},{\"@type\":\"BreadcrumbList\",\"@id\":\"https:\\\/\\\/www.igrejasdiscipuladoras.com.br\\\/br\\\/quem-somos\\\/#breadcrumb\",\"itemListElement\":[{\"@type\":\"ListItem\",\"position\":1,\"name\":\"In\u00edcio\",\"item\":\"https:\\\/\\\/www.igrejasdiscipuladoras.com.br\\\/\"},{\"@type\":\"ListItem\",\"position\":2,\"name\":\"Quem Somos\"}]},{\"@type\":\"WebSite\",\"@id\":\"https:\\\/\\\/www.igrejasdiscipuladoras.com.br\\\/#website\",\"url\":\"https:\\\/\\\/www.igrejasdiscipuladoras.com.br\\\/\",\"name\":\"Igrejas Discipuladoras\",\"description\":\"Ser e Fazer Disc\u00edpulos\",\"publisher\":{\"@id\":\"https:\\\/\\\/www.igrejasdiscipuladoras.com.br\\\/#organization\"},\"potentialAction\":[{\"@type\":\"SearchAction\",\"target\":{\"@type\":\"EntryPoint\",\"urlTemplate\":\"https:\\\/\\\/www.igrejasdiscipuladoras.com.br\\\/?s={search_term_string}\"},\"query-input\":{\"@type\":\"PropertyValueSpecification\",\"valueRequired\":true,\"valueName\":\"search_term_string\"}}],\"inLanguage\":\"es\"},{\"@type\":\"Organization\",\"@id\":\"https:\\\/\\\/www.igrejasdiscipuladoras.com.br\\\/#organization\",\"name\":\"Igrejas Discipuladoras\",\"url\":\"https:\\\/\\\/www.igrejasdiscipuladoras.com.br\\\/\",\"logo\":{\"@type\":\"ImageObject\",\"inLanguage\":\"es\",\"@id\":\"https:\\\/\\\/www.igrejasdiscipuladoras.com.br\\\/#\\\/schema\\\/logo\\\/image\\\/\",\"url\":\"https:\\\/\\\/www.igrejasdiscipuladoras.com.br\\\/wp-content\\\/uploads\\\/2020\\\/08\\\/logo-id-branco.jpg\",\"contentUrl\":\"https:\\\/\\\/www.igrejasdiscipuladoras.com.br\\\/wp-content\\\/uploads\\\/2020\\\/08\\\/logo-id-branco.jpg\",\"width\":1500,\"height\":500,\"caption\":\"Igrejas Discipuladoras\"},\"image\":{\"@id\":\"https:\\\/\\\/www.igrejasdiscipuladoras.com.br\\\/#\\\/schema\\\/logo\\\/image\\\/\"},\"sameAs\":[\"https:\\\/\\\/www.facebook.com\\\/igrejasdiscipuladoras\",\"https:\\\/\\\/www.instagram.com\\\/igrejasdiscipuladoras\\\/\"]}]}<\/script>\n<!-- \/ Yoast SEO plugin. -->","yoast_head_json":{"title":"Quem Somos - Igrejas Discipuladoras","description":"Somos um minist\u00e9rio com o cora\u00e7\u00e3o voltado para o discipulado e assessoria.","robots":{"index":"index","follow":"follow","max-snippet":"max-snippet:-1","max-image-preview":"max-image-preview:large","max-video-preview":"max-video-preview:-1"},"canonical":"https:\/\/www.igrejasdiscipuladoras.com.br\/es\/quem-somos\/","og_locale":"es_ES","og_type":"article","og_title":"Quem Somos - Igrejas Discipuladoras","og_description":"Somos um minist\u00e9rio com o cora\u00e7\u00e3o voltado para o discipulado e assessoria.","og_url":"https:\/\/www.igrejasdiscipuladoras.com.br\/es\/quem-somos\/","og_site_name":"Igrejas Discipuladoras","article_publisher":"https:\/\/www.facebook.com\/igrejasdiscipuladoras","article_modified_time":"2025-02-28T19:53:22+00:00","twitter_card":"summary_large_image","twitter_misc":{"Tiempo de lectura":"3 minutos"},"schema":{"@context":"https:\/\/schema.org","@graph":[{"@type":"WebPage","@id":"https:\/\/www.igrejasdiscipuladoras.com.br\/br\/quem-somos\/","url":"https:\/\/www.igrejasdiscipuladoras.com.br\/br\/quem-somos\/","name":"Quem Somos - Igrejas Discipuladoras","isPartOf":{"@id":"https:\/\/www.igrejasdiscipuladoras.com.br\/#website"},"datePublished":"2020-09-01T19:01:14+00:00","dateModified":"2025-02-28T19:53:22+00:00","description":"Somos um minist\u00e9rio com o cora\u00e7\u00e3o voltado para o discipulado e assessoria.","breadcrumb":{"@id":"https:\/\/www.igrejasdiscipuladoras.com.br\/br\/quem-somos\/#breadcrumb"},"inLanguage":"es","potentialAction":[{"@type":"ReadAction","target":["https:\/\/www.igrejasdiscipuladoras.com.br\/br\/quem-somos\/"]}]},{"@type":"BreadcrumbList","@id":"https:\/\/www.igrejasdiscipuladoras.com.br\/br\/quem-somos\/#breadcrumb","itemListElement":[{"@type":"ListItem","position":1,"name":"In\u00edcio","item":"https:\/\/www.igrejasdiscipuladoras.com.br\/"},{"@type":"ListItem","position":2,"name":"Quem Somos"}]},{"@type":"WebSite","@id":"https:\/\/www.igrejasdiscipuladoras.com.br\/#website","url":"https:\/\/www.igrejasdiscipuladoras.com.br\/","name":"Iglesias de discipulado","description":"Ser y hacer disc\u00edpulos","publisher":{"@id":"https:\/\/www.igrejasdiscipuladoras.com.br\/#organization"},"potentialAction":[{"@type":"SearchAction","target":{"@type":"EntryPoint","urlTemplate":"https:\/\/www.igrejasdiscipuladoras.com.br\/?s={search_term_string}"},"query-input":{"@type":"PropertyValueSpecification","valueRequired":true,"valueName":"search_term_string"}}],"inLanguage":"es"},{"@type":"Organization","@id":"https:\/\/www.igrejasdiscipuladoras.com.br\/#organization","name":"Iglesias de discipulado","url":"https:\/\/www.igrejasdiscipuladoras.com.br\/","logo":{"@type":"ImageObject","inLanguage":"es","@id":"https:\/\/www.igrejasdiscipuladoras.com.br\/#\/schema\/logo\/image\/","url":"https:\/\/www.igrejasdiscipuladoras.com.br\/wp-content\/uploads\/2020\/08\/logo-id-branco.jpg","contentUrl":"https:\/\/www.igrejasdiscipuladoras.com.br\/wp-content\/uploads\/2020\/08\/logo-id-branco.jpg","width":1500,"height":500,"caption":"Igrejas Discipuladoras"},"image":{"@id":"https:\/\/www.igrejasdiscipuladoras.com.br\/#\/schema\/logo\/image\/"},"sameAs":["https:\/\/www.facebook.com\/igrejasdiscipuladoras","https:\/\/www.instagram.com\/igrejasdiscipuladoras\/"]}]}},"_links":{"self":[{"href":"https:\/\/www.igrejasdiscipuladoras.com.br\/es\/wp-json\/wp\/v2\/pages\/4777","targetHints":{"allow":["GET"]}}],"collection":[{"href":"https:\/\/www.igrejasdiscipuladoras.com.br\/es\/wp-json\/wp\/v2\/pages"}],"about":[{"href":"https:\/\/www.igrejasdiscipuladoras.com.br\/es\/wp-json\/wp\/v2\/types\/page"}],"author":[{"embeddable":true,"href":"https:\/\/www.igrejasdiscipuladoras.com.br\/es\/wp-json\/wp\/v2\/users\/3"}],"replies":[{"embeddable":true,"href":"https:\/\/www.igrejasdiscipuladoras.com.br\/es\/wp-json\/wp\/v2\/comments?post=4777"}],"version-history":[{"count":25,"href":"https:\/\/www.igrejasdiscipuladoras.com.br\/es\/wp-json\/wp\/v2\/pages\/4777\/revisions"}],"predecessor-version":[{"id":7701,"href":"https:\/\/www.igrejasdiscipuladoras.com.br\/es\/wp-json\/wp\/v2\/pages\/4777\/revisions\/7701"}],"wp:attachment":[{"href":"https:\/\/www.igrejasdiscipuladoras.com.br\/es\/wp-json\/wp\/v2\/media?parent=4777"}],"curies":[{"name":"gracias","href":"https:\/\/api.w.org\/{rel}","templated":true}]}}