{"id":4796,"date":"2020-09-01T21:31:28","date_gmt":"2020-09-01T21:31:28","guid":{"rendered":"https:\/\/meu-lugar.com\/?page_id=4796"},"modified":"2023-10-02T13:14:44","modified_gmt":"2023-10-02T16:14:44","slug":"dfd","status":"publish","type":"page","link":"https:\/\/www.igrejasdiscipuladoras.com.br\/br\/dfd\/","title":{"rendered":"D\u00e9cada de Fazer Disc\u00edpulos &#8211; DFD"},"content":{"rendered":"\t\t<div data-elementor-type=\"wp-page\" data-elementor-id=\"4796\" class=\"elementor elementor-4796\" data-elementor-post-type=\"page\">\n\t\t\t\t        <section class=\"elementor-section elementor-top-section elementor-element elementor-element-06d4563 elementor-section-boxed elementor-section-height-default elementor-section-height-default\" data-id=\"06d4563\" data-element_type=\"section\" data-e-type=\"section\">\n            \n                        <div class=\"elementor-container elementor-column-gap-default \">\n                    <div class=\"elementor-column elementor-col-33 elementor-top-column elementor-element elementor-element-0cbcbc0\" data-id=\"0cbcbc0\" data-element_type=\"column\" data-e-type=\"column\">\n        <div class=\"elementor-widget-wrap elementor-element-populated\">\n                    \n        \t\t<div class=\"elementor-element elementor-element-e048b49 elementor-widget elementor-widget-image\" data-id=\"e048b49\" data-element_type=\"widget\" data-e-type=\"widget\" data-widget_type=\"image.default\">\n\t\t\t\t<div class=\"elementor-widget-container\">\n\t\t\t\t\t\t\t\t\t\t\t\t\t\t\t<img fetchpriority=\"high\" decoding=\"async\" width=\"469\" height=\"603\" src=\"https:\/\/www.igrejasdiscipuladoras.com.br\/wp-content\/uploads\/2023\/10\/convite-dfd-2023.jpeg\" class=\"attachment-large size-large wp-image-6990\" alt=\"\" srcset=\"https:\/\/www.igrejasdiscipuladoras.com.br\/wp-content\/uploads\/2023\/10\/convite-dfd-2023.jpeg 469w, https:\/\/www.igrejasdiscipuladoras.com.br\/wp-content\/uploads\/2023\/10\/convite-dfd-2023-233x300.jpeg 233w\" sizes=\"(max-width: 469px) 100vw, 469px\" \/>\t\t\t\t\t\t\t\t\t\t\t\t\t\t\t<\/div>\n\t\t\t\t<\/div>\n\t\t            <\/div>\n        <\/div>\n                <div class=\"elementor-column elementor-col-66 elementor-top-column elementor-element elementor-element-ec3055c\" data-id=\"ec3055c\" data-element_type=\"column\" data-e-type=\"column\">\n        <div class=\"elementor-widget-wrap elementor-element-populated\">\n                    \n        \t\t<div class=\"elementor-element elementor-element-5081930 elementor-widget elementor-widget-text-editor\" data-id=\"5081930\" data-element_type=\"widget\" data-e-type=\"widget\" data-widget_type=\"text-editor.default\">\n\t\t\t\t<div class=\"elementor-widget-container\">\n\t\t\t\t\t\t\t\t\t<p dir=\"ltr\">A <b>Alian\u00e7a Evang\u00e9lica Mundial (WEA)<\/b> lan\u00e7ou a <b>D\u00e9cada de Fazer Disc\u00edpulos<\/b> em sua Assembleia Geral em Jacarta, na Indon\u00e9sia, em novembro de 2019, na qual a Alian\u00e7a Evang\u00e9lica do Brasil esteve presente.<\/p><p dir=\"ltr\">A inten\u00e7\u00e3o \u00e9 reunir l\u00edderes estrat\u00e9gicos que possam ser fundamentais para impulsionar essa D\u00e9cada em nosso pa\u00eds e nos pa\u00edses filiados \u00e0 WEA.<\/p><p dir=\"ltr\">Em 19 de maio de 2020 realizamos no Brasil a Primeira Consulta Nacional On-line da \u201cD\u00e9cada de Fazer Disc\u00edpulos\u201d (DFD). Seguidas de mais duas Consultas Nacionais em 2021.<\/p><p dir=\"ltr\">A S\u00e9tima Consulta Nacional acontecer\u00e1 em <b>04 e 05 de outubro de 2023<\/b>, com o tema &#8220;Fortalecendo fam\u00edlias com o discipulado&#8221;.<\/p><p dir=\"ltr\">Uma das maiores responsabilidades dos pais crist\u00e3os \u00e9 ser um discipulador em seu lar. Mas, como cumprir essa miss\u00e3o? A Igreja pode e deve caminhar junto com a fam\u00edlia neste desafio.<\/p><p dir=\"ltr\">Na S\u00e9tima Consulta Nacional da D\u00e9cada de Fazer Disc\u00edpulos, os pastores Matt Chandler e Mike Handler estar\u00e3o conversando sobre como a assumir a miss\u00e3o de desenvolver dentro de nossas igrejas, um ritmo sustent\u00e1vel de discipulado centrado no Evangelho tendo o fim em mente: Discipular seus filhos no amor e no temor do Senhor.<\/p><p dir=\"ltr\">A WEA sugere que cada organiza\u00e7\u00e3o, movimento ou denomina\u00e7\u00e3o participe com quatro representantes, um sendo um pastor da nova gera\u00e7\u00e3o e o outro sendo uma mulher l\u00edder. Dois s\u00e3o muito melhores que um (Ec 4:9-12). Quatro, ent\u00e3o, tem um potencial enorme para conversar, contextualizar, projetar, orar e adaptar a vis\u00e3o e a pr\u00e1tica desta proposta em seus contextos.<\/p>\t\t\t\t\t\t\t\t<\/div>\n\t\t\t\t<\/div>\n\t\t            <\/div>\n        <\/div>\n                    <\/div>\n        <\/section>\n                <section class=\"elementor-section elementor-top-section elementor-element elementor-element-404862e elementor-section-boxed elementor-section-height-default elementor-section-height-default\" data-id=\"404862e\" data-element_type=\"section\" data-e-type=\"section\">\n            \n                        <div class=\"elementor-container elementor-column-gap-default \">\n                    <div class=\"elementor-column elementor-col-100 elementor-top-column elementor-element elementor-element-1c17a61\" data-id=\"1c17a61\" data-element_type=\"column\" data-e-type=\"column\">\n        <div class=\"elementor-widget-wrap elementor-element-populated\">\n                    \n        \t\t<div class=\"elementor-element elementor-element-509a3e1 elementor-align-right elementor-widget elementor-widget-button\" data-id=\"509a3e1\" data-element_type=\"widget\" data-e-type=\"widget\" data-widget_type=\"button.default\">\n\t\t\t\t<div class=\"elementor-widget-container\">\n\t\t\t\t\t\t\t\t\t<div class=\"elementor-button-wrapper\">\n\t\t\t\t\t<a class=\"elementor-button elementor-button-link elementor-size-lg\" href=\"https:\/\/www.eventbrite.com.br\/e\/consulta-dfd-outubro-2023-tickets-694201805287\">\n\t\t\t\t\t\t<span class=\"elementor-button-content-wrapper\">\n\t\t\t\t\t\t\t\t\t<span class=\"elementor-button-text\">INSCREVA-SE AQUI<\/span>\n\t\t\t\t\t<\/span>\n\t\t\t\t\t<\/a>\n\t\t\t\t<\/div>\n\t\t\t\t\t\t\t\t<\/div>\n\t\t\t\t<\/div>\n\t\t            <\/div>\n        <\/div>\n                    <\/div>\n        <\/section>\n                <section class=\"elementor-section elementor-top-section elementor-element elementor-element-4c0436e elementor-section-boxed elementor-section-height-default elementor-section-height-default\" data-id=\"4c0436e\" data-element_type=\"section\" data-e-type=\"section\">\n            \n                        <div class=\"elementor-container elementor-column-gap-default \">\n                    <div class=\"elementor-column elementor-col-100 elementor-top-column elementor-element elementor-element-cfda596\" data-id=\"cfda596\" data-element_type=\"column\" data-e-type=\"column\">\n        <div class=\"elementor-widget-wrap elementor-element-populated\">\n                    \n        \t\t<div class=\"elementor-element elementor-element-4847079 elementor-widget elementor-widget-text-editor\" data-id=\"4847079\" data-element_type=\"widget\" data-e-type=\"widget\" data-widget_type=\"text-editor.default\">\n\t\t\t\t<div class=\"elementor-widget-container\">\n\t\t\t\t\t\t\t\t\t<p>Acompanhe as palestras de Matthew Ling\u00a0 de nossa VI Consulta DFD sobre discipulado da fam\u00edlia\u00a0 em nossa playlist no Youtube:<\/p>\t\t\t\t\t\t\t\t<\/div>\n\t\t\t\t<\/div>\n\t\t            <\/div>\n        <\/div>\n                    <\/div>\n        <\/section>\n                <section class=\"elementor-section elementor-top-section elementor-element elementor-element-7a677bf elementor-section-boxed elementor-section-height-default elementor-section-height-default\" data-id=\"7a677bf\" data-element_type=\"section\" data-e-type=\"section\">\n            \n                        <div class=\"elementor-container elementor-column-gap-default \">\n                    <div class=\"elementor-column elementor-col-100 elementor-top-column elementor-element elementor-element-09a04d4\" data-id=\"09a04d4\" data-element_type=\"column\" data-e-type=\"column\">\n        <div class=\"elementor-widget-wrap elementor-element-populated\">\n                    \n        \t\t<div class=\"elementor-element elementor-element-3224e48 elementor-widget elementor-widget-video\" data-id=\"3224e48\" data-element_type=\"widget\" data-e-type=\"widget\" data-settings=\"{&quot;youtube_url&quot;:&quot;https:\\\/\\\/youtu.be\\\/YgehLLCHZ7g&quot;,&quot;video_type&quot;:&quot;youtube&quot;,&quot;controls&quot;:&quot;yes&quot;}\" data-widget_type=\"video.default\">\n\t\t\t\t<div class=\"elementor-widget-container\">\n\t\t\t\t\t\t\t<div class=\"elementor-wrapper elementor-open-inline\">\n\t\t\t<div class=\"elementor-video\"><\/div>\t\t<\/div>\n\t\t\t\t\t\t<\/div>\n\t\t\t\t<\/div>\n\t\t            <\/div>\n        <\/div>\n                    <\/div>\n        <\/section>\n        \t\t<\/div>\n\t\t","protected":false},"excerpt":{"rendered":"<p>A Alian\u00e7a Evang\u00e9lica Mundial (WEA) lan\u00e7ou a D\u00e9cada de Fazer Disc\u00edpulos em sua Assembleia Geral em Jacarta, na Indon\u00e9sia, em novembro de 2019, na qual a Alian\u00e7a Evang\u00e9lica do Brasil esteve presente. A inten\u00e7\u00e3o \u00e9 reunir l\u00edderes estrat\u00e9gicos que possam ser fundamentais para impulsionar essa D\u00e9cada em nosso pa\u00eds e nos pa\u00edses filiados \u00e0 WEA. [&hellip;]<\/p>\n","protected":false},"author":3,"featured_media":0,"parent":0,"menu_order":0,"comment_status":"closed","ping_status":"closed","template":"","meta":{"_acf_changed":false,"footnotes":""},"class_list":["post-4796","page","type-page","status-publish","hentry"],"acf":[],"yoast_head":"<!-- This site is optimized with the Yoast SEO plugin v27.4 - https:\/\/yoast.com\/product\/yoast-seo-wordpress\/ -->\n<title>D\u00e9cada de Fazer Disc\u00edpulos - DFD - Igrejas Discipuladoras<\/title>\n<meta name=\"robots\" content=\"index, follow, max-snippet:-1, max-image-preview:large, max-video-preview:-1\" \/>\n<link rel=\"canonical\" href=\"https:\/\/www.igrejasdiscipuladoras.com.br\/br\/dfd\/\" \/>\n<meta property=\"og:locale\" content=\"pt_BR\" \/>\n<meta property=\"og:type\" content=\"article\" \/>\n<meta property=\"og:title\" content=\"D\u00e9cada de Fazer Disc\u00edpulos - DFD - Igrejas Discipuladoras\" \/>\n<meta property=\"og:description\" content=\"A Alian\u00e7a Evang\u00e9lica Mundial (WEA) lan\u00e7ou a D\u00e9cada de Fazer Disc\u00edpulos em sua Assembleia Geral em Jacarta, na Indon\u00e9sia, em novembro de 2019, na qual a Alian\u00e7a Evang\u00e9lica do Brasil esteve presente. A inten\u00e7\u00e3o \u00e9 reunir l\u00edderes estrat\u00e9gicos que possam ser fundamentais para impulsionar essa D\u00e9cada em nosso pa\u00eds e nos pa\u00edses filiados \u00e0 WEA. [&hellip;]\" \/>\n<meta property=\"og:url\" content=\"https:\/\/www.igrejasdiscipuladoras.com.br\/br\/dfd\/\" \/>\n<meta property=\"og:site_name\" content=\"Igrejas Discipuladoras\" \/>\n<meta property=\"article:publisher\" content=\"https:\/\/www.facebook.com\/igrejasdiscipuladoras\" \/>\n<meta property=\"article:modified_time\" content=\"2023-10-02T16:14:44+00:00\" \/>\n<meta property=\"og:image\" content=\"https:\/\/www.igrejasdiscipuladoras.com.br\/wp-content\/uploads\/2023\/10\/convite-dfd-2023.jpeg\" \/>\n<meta name=\"twitter:card\" content=\"summary_large_image\" \/>\n<meta name=\"twitter:label1\" content=\"Est. tempo de leitura\" \/>\n\t<meta name=\"twitter:data1\" content=\"1 minuto\" \/>\n<script type=\"application\/ld+json\" class=\"yoast-schema-graph\">{\"@context\":\"https:\\\/\\\/schema.org\",\"@graph\":[{\"@type\":\"WebPage\",\"@id\":\"https:\\\/\\\/www.igrejasdiscipuladoras.com.br\\\/dfd\\\/\",\"url\":\"https:\\\/\\\/www.igrejasdiscipuladoras.com.br\\\/dfd\\\/\",\"name\":\"D\u00e9cada de Fazer Disc\u00edpulos - DFD - Igrejas Discipuladoras\",\"isPartOf\":{\"@id\":\"https:\\\/\\\/www.igrejasdiscipuladoras.com.br\\\/#website\"},\"primaryImageOfPage\":{\"@id\":\"https:\\\/\\\/www.igrejasdiscipuladoras.com.br\\\/dfd\\\/#primaryimage\"},\"image\":{\"@id\":\"https:\\\/\\\/www.igrejasdiscipuladoras.com.br\\\/dfd\\\/#primaryimage\"},\"thumbnailUrl\":\"https:\\\/\\\/www.igrejasdiscipuladoras.com.br\\\/wp-content\\\/uploads\\\/2023\\\/10\\\/convite-dfd-2023.jpeg\",\"datePublished\":\"2020-09-01T21:31:28+00:00\",\"dateModified\":\"2023-10-02T16:14:44+00:00\",\"breadcrumb\":{\"@id\":\"https:\\\/\\\/www.igrejasdiscipuladoras.com.br\\\/dfd\\\/#breadcrumb\"},\"inLanguage\":\"pt-BR\",\"potentialAction\":[{\"@type\":\"ReadAction\",\"target\":[\"https:\\\/\\\/www.igrejasdiscipuladoras.com.br\\\/dfd\\\/\"]}]},{\"@type\":\"ImageObject\",\"inLanguage\":\"pt-BR\",\"@id\":\"https:\\\/\\\/www.igrejasdiscipuladoras.com.br\\\/dfd\\\/#primaryimage\",\"url\":\"https:\\\/\\\/www.igrejasdiscipuladoras.com.br\\\/wp-content\\\/uploads\\\/2023\\\/10\\\/convite-dfd-2023.jpeg\",\"contentUrl\":\"https:\\\/\\\/www.igrejasdiscipuladoras.com.br\\\/wp-content\\\/uploads\\\/2023\\\/10\\\/convite-dfd-2023.jpeg\"},{\"@type\":\"BreadcrumbList\",\"@id\":\"https:\\\/\\\/www.igrejasdiscipuladoras.com.br\\\/dfd\\\/#breadcrumb\",\"itemListElement\":[{\"@type\":\"ListItem\",\"position\":1,\"name\":\"In\u00edcio\",\"item\":\"https:\\\/\\\/www.igrejasdiscipuladoras.com.br\\\/\"},{\"@type\":\"ListItem\",\"position\":2,\"name\":\"D\u00e9cada de Fazer Disc\u00edpulos &#8211; DFD\"}]},{\"@type\":\"WebSite\",\"@id\":\"https:\\\/\\\/www.igrejasdiscipuladoras.com.br\\\/#website\",\"url\":\"https:\\\/\\\/www.igrejasdiscipuladoras.com.br\\\/\",\"name\":\"Igrejas Discipuladoras\",\"description\":\"Ser e Fazer Disc\u00edpulos\",\"publisher\":{\"@id\":\"https:\\\/\\\/www.igrejasdiscipuladoras.com.br\\\/#organization\"},\"potentialAction\":[{\"@type\":\"SearchAction\",\"target\":{\"@type\":\"EntryPoint\",\"urlTemplate\":\"https:\\\/\\\/www.igrejasdiscipuladoras.com.br\\\/?s={search_term_string}\"},\"query-input\":{\"@type\":\"PropertyValueSpecification\",\"valueRequired\":true,\"valueName\":\"search_term_string\"}}],\"inLanguage\":\"pt-BR\"},{\"@type\":\"Organization\",\"@id\":\"https:\\\/\\\/www.igrejasdiscipuladoras.com.br\\\/#organization\",\"name\":\"Igrejas Discipuladoras\",\"url\":\"https:\\\/\\\/www.igrejasdiscipuladoras.com.br\\\/\",\"logo\":{\"@type\":\"ImageObject\",\"inLanguage\":\"pt-BR\",\"@id\":\"https:\\\/\\\/www.igrejasdiscipuladoras.com.br\\\/#\\\/schema\\\/logo\\\/image\\\/\",\"url\":\"https:\\\/\\\/www.igrejasdiscipuladoras.com.br\\\/wp-content\\\/uploads\\\/2020\\\/08\\\/logo-id-branco.jpg\",\"contentUrl\":\"https:\\\/\\\/www.igrejasdiscipuladoras.com.br\\\/wp-content\\\/uploads\\\/2020\\\/08\\\/logo-id-branco.jpg\",\"width\":1500,\"height\":500,\"caption\":\"Igrejas Discipuladoras\"},\"image\":{\"@id\":\"https:\\\/\\\/www.igrejasdiscipuladoras.com.br\\\/#\\\/schema\\\/logo\\\/image\\\/\"},\"sameAs\":[\"https:\\\/\\\/www.facebook.com\\\/igrejasdiscipuladoras\",\"https:\\\/\\\/www.instagram.com\\\/igrejasdiscipuladoras\\\/\"]}]}<\/script>\n<!-- \/ Yoast SEO plugin. -->","yoast_head_json":{"title":"D\u00e9cada de Fazer Disc\u00edpulos - DFD - Igrejas Discipuladoras","robots":{"index":"index","follow":"follow","max-snippet":"max-snippet:-1","max-image-preview":"max-image-preview:large","max-video-preview":"max-video-preview:-1"},"canonical":"https:\/\/www.igrejasdiscipuladoras.com.br\/br\/dfd\/","og_locale":"pt_BR","og_type":"article","og_title":"D\u00e9cada de Fazer Disc\u00edpulos - DFD - Igrejas Discipuladoras","og_description":"A Alian\u00e7a Evang\u00e9lica Mundial (WEA) lan\u00e7ou a D\u00e9cada de Fazer Disc\u00edpulos em sua Assembleia Geral em Jacarta, na Indon\u00e9sia, em novembro de 2019, na qual a Alian\u00e7a Evang\u00e9lica do Brasil esteve presente. A inten\u00e7\u00e3o \u00e9 reunir l\u00edderes estrat\u00e9gicos que possam ser fundamentais para impulsionar essa D\u00e9cada em nosso pa\u00eds e nos pa\u00edses filiados \u00e0 WEA. [&hellip;]","og_url":"https:\/\/www.igrejasdiscipuladoras.com.br\/br\/dfd\/","og_site_name":"Igrejas Discipuladoras","article_publisher":"https:\/\/www.facebook.com\/igrejasdiscipuladoras","article_modified_time":"2023-10-02T16:14:44+00:00","og_image":[{"url":"https:\/\/www.igrejasdiscipuladoras.com.br\/wp-content\/uploads\/2023\/10\/convite-dfd-2023.jpeg","type":"","width":"","height":""}],"twitter_card":"summary_large_image","twitter_misc":{"Est. tempo de leitura":"1 minuto"},"schema":{"@context":"https:\/\/schema.org","@graph":[{"@type":"WebPage","@id":"https:\/\/www.igrejasdiscipuladoras.com.br\/dfd\/","url":"https:\/\/www.igrejasdiscipuladoras.com.br\/dfd\/","name":"D\u00e9cada de Fazer Disc\u00edpulos - DFD - Igrejas Discipuladoras","isPartOf":{"@id":"https:\/\/www.igrejasdiscipuladoras.com.br\/#website"},"primaryImageOfPage":{"@id":"https:\/\/www.igrejasdiscipuladoras.com.br\/dfd\/#primaryimage"},"image":{"@id":"https:\/\/www.igrejasdiscipuladoras.com.br\/dfd\/#primaryimage"},"thumbnailUrl":"https:\/\/www.igrejasdiscipuladoras.com.br\/wp-content\/uploads\/2023\/10\/convite-dfd-2023.jpeg","datePublished":"2020-09-01T21:31:28+00:00","dateModified":"2023-10-02T16:14:44+00:00","breadcrumb":{"@id":"https:\/\/www.igrejasdiscipuladoras.com.br\/dfd\/#breadcrumb"},"inLanguage":"pt-BR","potentialAction":[{"@type":"ReadAction","target":["https:\/\/www.igrejasdiscipuladoras.com.br\/dfd\/"]}]},{"@type":"ImageObject","inLanguage":"pt-BR","@id":"https:\/\/www.igrejasdiscipuladoras.com.br\/dfd\/#primaryimage","url":"https:\/\/www.igrejasdiscipuladoras.com.br\/wp-content\/uploads\/2023\/10\/convite-dfd-2023.jpeg","contentUrl":"https:\/\/www.igrejasdiscipuladoras.com.br\/wp-content\/uploads\/2023\/10\/convite-dfd-2023.jpeg"},{"@type":"BreadcrumbList","@id":"https:\/\/www.igrejasdiscipuladoras.com.br\/dfd\/#breadcrumb","itemListElement":[{"@type":"ListItem","position":1,"name":"In\u00edcio","item":"https:\/\/www.igrejasdiscipuladoras.com.br\/"},{"@type":"ListItem","position":2,"name":"D\u00e9cada de Fazer Disc\u00edpulos &#8211; DFD"}]},{"@type":"WebSite","@id":"https:\/\/www.igrejasdiscipuladoras.com.br\/#website","url":"https:\/\/www.igrejasdiscipuladoras.com.br\/","name":"Igrejas Discipuladoras","description":"Ser e Fazer Disc\u00edpulos","publisher":{"@id":"https:\/\/www.igrejasdiscipuladoras.com.br\/#organization"},"potentialAction":[{"@type":"SearchAction","target":{"@type":"EntryPoint","urlTemplate":"https:\/\/www.igrejasdiscipuladoras.com.br\/?s={search_term_string}"},"query-input":{"@type":"PropertyValueSpecification","valueRequired":true,"valueName":"search_term_string"}}],"inLanguage":"pt-BR"},{"@type":"Organization","@id":"https:\/\/www.igrejasdiscipuladoras.com.br\/#organization","name":"Igrejas Discipuladoras","url":"https:\/\/www.igrejasdiscipuladoras.com.br\/","logo":{"@type":"ImageObject","inLanguage":"pt-BR","@id":"https:\/\/www.igrejasdiscipuladoras.com.br\/#\/schema\/logo\/image\/","url":"https:\/\/www.igrejasdiscipuladoras.com.br\/wp-content\/uploads\/2020\/08\/logo-id-branco.jpg","contentUrl":"https:\/\/www.igrejasdiscipuladoras.com.br\/wp-content\/uploads\/2020\/08\/logo-id-branco.jpg","width":1500,"height":500,"caption":"Igrejas Discipuladoras"},"image":{"@id":"https:\/\/www.igrejasdiscipuladoras.com.br\/#\/schema\/logo\/image\/"},"sameAs":["https:\/\/www.facebook.com\/igrejasdiscipuladoras","https:\/\/www.instagram.com\/igrejasdiscipuladoras\/"]}]}},"_links":{"self":[{"href":"https:\/\/www.igrejasdiscipuladoras.com.br\/br\/wp-json\/wp\/v2\/pages\/4796","targetHints":{"allow":["GET"]}}],"collection":[{"href":"https:\/\/www.igrejasdiscipuladoras.com.br\/br\/wp-json\/wp\/v2\/pages"}],"about":[{"href":"https:\/\/www.igrejasdiscipuladoras.com.br\/br\/wp-json\/wp\/v2\/types\/page"}],"author":[{"embeddable":true,"href":"https:\/\/www.igrejasdiscipuladoras.com.br\/br\/wp-json\/wp\/v2\/users\/3"}],"replies":[{"embeddable":true,"href":"https:\/\/www.igrejasdiscipuladoras.com.br\/br\/wp-json\/wp\/v2\/comments?post=4796"}],"version-history":[{"count":16,"href":"https:\/\/www.igrejasdiscipuladoras.com.br\/br\/wp-json\/wp\/v2\/pages\/4796\/revisions"}],"predecessor-version":[{"id":6992,"href":"https:\/\/www.igrejasdiscipuladoras.com.br\/br\/wp-json\/wp\/v2\/pages\/4796\/revisions\/6992"}],"wp:attachment":[{"href":"https:\/\/www.igrejasdiscipuladoras.com.br\/br\/wp-json\/wp\/v2\/media?parent=4796"}],"curies":[{"name":"wp","href":"https:\/\/api.w.org\/{rel}","templated":true}]}}