{"id":4777,"date":"2020-09-01T19:01:14","date_gmt":"2020-09-01T19:01:14","guid":{"rendered":"https:\/\/meu-lugar.com\/?page_id=4777"},"modified":"2025-02-28T16:53:22","modified_gmt":"2025-02-28T19:53:22","slug":"quem-somos","status":"publish","type":"page","link":"https:\/\/www.igrejasdiscipuladoras.com.br\/br\/quem-somos\/","title":{"rendered":"Quem Somos"},"content":{"rendered":"\t\t<div data-elementor-type=\"wp-page\" data-elementor-id=\"4777\" class=\"elementor elementor-4777\" data-elementor-post-type=\"page\">\n\t\t\t\t        <section class=\"elementor-section elementor-top-section elementor-element elementor-element-c453937 elementor-section-boxed elementor-section-height-default elementor-section-height-default\" data-id=\"c453937\" data-element_type=\"section\" data-e-type=\"section\">\n            \n                        <div class=\"elementor-container elementor-column-gap-default \">\n                    <div class=\"elementor-column elementor-col-100 elementor-top-column elementor-element elementor-element-7d91152\" data-id=\"7d91152\" data-element_type=\"column\" data-e-type=\"column\">\n        <div class=\"elementor-widget-wrap elementor-element-populated\">\n                    \n        \t\t<div class=\"elementor-element elementor-element-d81288e elementor-widget elementor-widget-heading\" data-id=\"d81288e\" data-element_type=\"widget\" data-e-type=\"widget\" data-settings=\"{&quot;_animation&quot;:&quot;none&quot;}\" data-widget_type=\"heading.default\">\n\t\t\t\t<div class=\"elementor-widget-container\">\n\t\t\t\t\t<h2 class=\"elementor-heading-title elementor-size-large\">COMO IGREJAS DISCIPULADORAS SE TORNOU UM MINIST\u00c9RIO<\/h2>\t\t\t\t<\/div>\n\t\t\t\t<\/div>\n\t\t\t\t<div class=\"elementor-element elementor-element-5c83cdc elementor-widget elementor-widget-text-editor\" data-id=\"5c83cdc\" data-element_type=\"widget\" data-e-type=\"widget\" data-settings=\"{&quot;_animation&quot;:&quot;none&quot;}\" data-widget_type=\"text-editor.default\">\n\t\t\t\t<div class=\"elementor-widget-container\">\n\t\t\t\t\t\t\t\t\t<p>Somos um minist\u00e9rio com o cora\u00e7\u00e3o voltado para o discipulado e assessoria. Ao longo do tempo desenvolvemos v\u00e1rias capacita\u00e7\u00f5es e assessoramos a v\u00e1rios projetos denominacionais de discipulado para pastores(as) e c\u00f4njuges e l\u00edderes.<\/p><p>Temos capacitado e mobilizado pastores(as) e c\u00f4njuges e l\u00edderes para viv\u00eancia de uma igreja saud\u00e1vel que expresse e estenda o Reino de Deus.\u00a0<span style=\"color: inherit; font-family: inherit; font-weight: inherit; letter-spacing: 0px;\">E tudo isso depende de pastores(as) saud\u00e1veis. Pastores(as) cujos cora\u00e7\u00f5es batem com o cora\u00e7\u00e3o de Deus.<\/span><\/p><p><span style=\"color: inherit; font-family: inherit; font-weight: inherit; letter-spacing: 0px;\">Aqueles que amam profundamente porque sabem que s\u00e3o maravilhosamente amados. Homens e mulheres realizados, cheios de poder divino e dos frutos do Esp\u00edrito. Vidas equilibradas e sadias. Casamentos que ilustram bem o mist\u00e9rio do amor entre Jesus e sua Noiva, a Igreja. Fam\u00edlias referencias que mostram o caminho para outras fam\u00edlias.<\/span><\/p><p>A contribui\u00e7\u00e3o do Minist\u00e9rio Igrejas Discipuladoras tem se dado a partir de tr\u00eas eixos principais de atua\u00e7\u00e3o: <b>discipulado, capacita\u00e7\u00e3o e assessoria.<\/b><\/p><p>\u00a0<\/p>\t\t\t\t\t\t\t\t<\/div>\n\t\t\t\t<\/div>\n\t\t            <\/div>\n        <\/div>\n                    <\/div>\n        <\/section>\n                <section class=\"elementor-section elementor-top-section elementor-element elementor-element-ffb1584 elementor-section-boxed elementor-section-height-default elementor-section-height-default\" data-id=\"ffb1584\" data-element_type=\"section\" data-e-type=\"section\">\n            \n                        <div class=\"elementor-container elementor-column-gap-default \">\n                    <div class=\"elementor-column elementor-col-100 elementor-top-column elementor-element elementor-element-a03ec51\" data-id=\"a03ec51\" data-element_type=\"column\" data-e-type=\"column\">\n        <div class=\"elementor-widget-wrap\">\n                    \n                    <\/div>\n        <\/div>\n                    <\/div>\n        <\/section>\n                <section class=\"elementor-section elementor-top-section elementor-element elementor-element-9dc7edc elementor-section-boxed elementor-section-height-default elementor-section-height-default\" data-id=\"9dc7edc\" data-element_type=\"section\" data-e-type=\"section\">\n            \n                        <div class=\"elementor-container elementor-column-gap-default \">\n                    <div class=\"elementor-column elementor-col-33 elementor-top-column elementor-element elementor-element-78b9ebe\" data-id=\"78b9ebe\" data-element_type=\"column\" data-e-type=\"column\">\n        <div class=\"elementor-widget-wrap elementor-element-populated\">\n                    \n        \t\t<div class=\"elementor-element elementor-element-8061660 elementor-widget elementor-widget-heading\" data-id=\"8061660\" data-element_type=\"widget\" data-e-type=\"widget\" data-widget_type=\"heading.default\">\n\t\t\t\t<div class=\"elementor-widget-container\">\n\t\t\t\t\t<h5 class=\"elementor-heading-title elementor-size-default\">DISCIPULADO<\/h5>\t\t\t\t<\/div>\n\t\t\t\t<\/div>\n\t\t            <\/div>\n        <\/div>\n                <div class=\"elementor-column elementor-col-33 elementor-top-column elementor-element elementor-element-bd15aeb\" data-id=\"bd15aeb\" data-element_type=\"column\" data-e-type=\"column\">\n        <div class=\"elementor-widget-wrap elementor-element-populated\">\n                    \n        \t\t<div class=\"elementor-element elementor-element-e23a4eb elementor-widget elementor-widget-heading\" data-id=\"e23a4eb\" data-element_type=\"widget\" data-e-type=\"widget\" data-widget_type=\"heading.default\">\n\t\t\t\t<div class=\"elementor-widget-container\">\n\t\t\t\t\t<h5 class=\"elementor-heading-title elementor-size-default\">CAPACITA\u00c7\u00c3O<\/h5>\t\t\t\t<\/div>\n\t\t\t\t<\/div>\n\t\t            <\/div>\n        <\/div>\n                <div class=\"elementor-column elementor-col-33 elementor-top-column elementor-element elementor-element-386241f\" data-id=\"386241f\" data-element_type=\"column\" data-e-type=\"column\">\n        <div class=\"elementor-widget-wrap elementor-element-populated\">\n                    \n        \t\t<div class=\"elementor-element elementor-element-7f62843 elementor-widget elementor-widget-heading\" data-id=\"7f62843\" data-element_type=\"widget\" data-e-type=\"widget\" data-widget_type=\"heading.default\">\n\t\t\t\t<div class=\"elementor-widget-container\">\n\t\t\t\t\t<h5 class=\"elementor-heading-title elementor-size-default\">ASSESSORIA<\/h5>\t\t\t\t<\/div>\n\t\t\t\t<\/div>\n\t\t            <\/div>\n        <\/div>\n                    <\/div>\n        <\/section>\n                <section class=\"elementor-section elementor-top-section elementor-element elementor-element-44126e1 elementor-section-boxed elementor-section-height-default elementor-section-height-default\" data-id=\"44126e1\" data-element_type=\"section\" data-e-type=\"section\">\n            \n                        <div class=\"elementor-container elementor-column-gap-default \">\n                    <div class=\"elementor-column elementor-col-33 elementor-top-column elementor-element elementor-element-3db2ff4\" data-id=\"3db2ff4\" data-element_type=\"column\" data-e-type=\"column\">\n        <div class=\"elementor-widget-wrap elementor-element-populated\">\n                    \n        \t\t<div class=\"elementor-element elementor-element-f238a46 elementor-widget elementor-widget-text-editor\" data-id=\"f238a46\" data-element_type=\"widget\" data-e-type=\"widget\" data-widget_type=\"text-editor.default\">\n\t\t\t\t<div class=\"elementor-widget-container\">\n\t\t\t\t\t\t\t\t\t<p>Ser disc\u00edpulo e fazer disc\u00edpulos! N\u00e3o importa se a pessoa \u00e9 um crist\u00e3o relativamente novo, um antigo membro de igreja, um l\u00edder ou um pastor, todos devemos ser e fazer disc\u00edpulos. Sem vivenciar discipulado, qualquer estrat\u00e9gia se torna oca, mais te\u00f3rica do que real, pois falta o DNA.<br \/>\u201cN\u00f3s procuramos estrat\u00e9gias melhores, mas Deus procura homens melhores\u201d, nos diz Bound. Deus unge pessoas e n\u00e3o estrat\u00e9gias.<br \/>Ensinamos o que sabemos e reproduzimos o que somos, por isso s\u00f3 um disc\u00edpulo de Jesus pode fazer disc\u00edpulos.<\/p>\t\t\t\t\t\t\t\t<\/div>\n\t\t\t\t<\/div>\n\t\t            <\/div>\n        <\/div>\n                <div class=\"elementor-column elementor-col-33 elementor-top-column elementor-element elementor-element-afa4c8d\" data-id=\"afa4c8d\" data-element_type=\"column\" data-e-type=\"column\">\n        <div class=\"elementor-widget-wrap elementor-element-populated\">\n                    \n        \t\t<div class=\"elementor-element elementor-element-ac8cdc2 elementor-widget elementor-widget-text-editor\" data-id=\"ac8cdc2\" data-element_type=\"widget\" data-e-type=\"widget\" data-widget_type=\"text-editor.default\">\n\t\t\t\t<div class=\"elementor-widget-container\">\n\t\t\t\t\t\t\t\t\t<p>A maioria das igrejas tem uma cultura de ensino, n\u00e3o uma cultura de forma\u00e7\u00e3o, um foco na informa\u00e7\u00e3o, n\u00e3o na forma\u00e7\u00e3o. A capacita\u00e7\u00e3o deve ir al\u00e9m, desenvolvendo compet\u00eancia, n\u00e3o apenas compreens\u00e3o. A capacita\u00e7\u00e3o une a mente (conte\u00fado) com o cora\u00e7\u00e3o interior (sentimentos) e corpo (a\u00e7\u00f5es vis\u00edveis). A forma\u00e7\u00e3o efetiva surge de uma cultura de forma\u00e7\u00e3o, o que significa que as pessoas se formam juntas, praticam e melhoram juntas e refor\u00e7am a capacita\u00e7\u00e3o entre si. O objetivo \u00e9 que a capacita\u00e7\u00e3o seja simples e reprodut\u00edvel, gerando um efeito multiplicador.<\/p>\t\t\t\t\t\t\t\t<\/div>\n\t\t\t\t<\/div>\n\t\t            <\/div>\n        <\/div>\n                <div class=\"elementor-column elementor-col-33 elementor-top-column elementor-element elementor-element-feba0b0\" data-id=\"feba0b0\" data-element_type=\"column\" data-e-type=\"column\">\n        <div class=\"elementor-widget-wrap elementor-element-populated\">\n                    \n        \t\t<div class=\"elementor-element elementor-element-63fdb07 elementor-widget elementor-widget-text-editor\" data-id=\"63fdb07\" data-element_type=\"widget\" data-e-type=\"widget\" data-widget_type=\"text-editor.default\">\n\t\t\t\t<div class=\"elementor-widget-container\">\n\t\t\t\t\t\t\t\t\t<p>O assessor \u00e9 uma pessoa respons\u00e1vel em elevar ao outro, ou seja, proporcionar ao outro os conhecimentos, habilidades e t\u00e9cnicas necess\u00e1rias para seu desenvolvimento e de seu projeto ministerial. As dificuldades internas e externas surgem naturalmente. Sem assessores, novos conceitos e modelos s\u00e3o rapidamente torcidos e dilu\u00eddos para serem mais semelhantes aos padr\u00f5es antigos bem conhecidos. Assessoria pode acontecer individualmente ou em grupo, com foco no crescimento intencional, principalmente no desenvolvimento do seu projeto.<\/p>\t\t\t\t\t\t\t\t<\/div>\n\t\t\t\t<\/div>\n\t\t            <\/div>\n        <\/div>\n                    <\/div>\n        <\/section>\n                <section class=\"elementor-section elementor-top-section elementor-element elementor-element-c860aff elementor-section-boxed elementor-section-height-default elementor-section-height-default\" data-id=\"c860aff\" data-element_type=\"section\" data-e-type=\"section\">\n            \n                        <div class=\"elementor-container elementor-column-gap-default \">\n                    <div class=\"elementor-column elementor-col-100 elementor-top-column elementor-element elementor-element-2defb29\" data-id=\"2defb29\" data-element_type=\"column\" data-e-type=\"column\">\n        <div class=\"elementor-widget-wrap elementor-element-populated\">\n                    \n        \t\t<div class=\"elementor-element elementor-element-c669284 elementor-widget elementor-widget-heading\" data-id=\"c669284\" data-element_type=\"widget\" data-e-type=\"widget\" data-widget_type=\"heading.default\">\n\t\t\t\t<div class=\"elementor-widget-container\">\n\t\t\t\t\t<h2 class=\"elementor-heading-title elementor-size-medium\">Igrejas Discipuladoras \u00e9 um minist\u00e9rio que existe para<\/h2>\t\t\t\t<\/div>\n\t\t\t\t<\/div>\n\t\t\t\t<div class=\"elementor-element elementor-element-823d20f elementor-widget elementor-widget-ct_heading\" data-id=\"823d20f\" data-element_type=\"widget\" data-e-type=\"widget\" data-widget_type=\"ct_heading.default\">\n\t\t\t\t<div class=\"elementor-widget-container\">\n\t\t\t\t\t<div class=\"ct-heading h-align-center wow zoomIn sub- ct-heading-left item-st-line-top1\" data-wow-delay=\"ms\">\r\n\t    <h3 class=\"item--title st-line-top1\">\r\n                    <div class=\"ct-heading-divider\"><span><\/span><\/div>\r\n                <span>\r\n                        Motivar, capacitar e mobilizar pastores(as) e l\u00edderes para ser e fazer disc\u00edpulos,  estabelecendo igrejas saud\u00e1veis e movimentos de discipulado contextualizados e multiplicadores.                    <\/span>\r\n            <\/h3>\r\n<\/div>\t\t\t\t<\/div>\n\t\t\t\t<\/div>\n\t\t\t\t<div class=\"elementor-element elementor-element-6b79f79 elementor-widget elementor-widget-heading\" data-id=\"6b79f79\" data-element_type=\"widget\" data-e-type=\"widget\" data-widget_type=\"heading.default\">\n\t\t\t\t<div class=\"elementor-widget-container\">\n\t\t\t\t\t<h2 class=\"elementor-heading-title elementor-size-medium\">Nosso sonho \u00e9 ver cada pastor(a), c\u00f4njuge ou l\u00edder sendo e fazendo disc\u00edpulos.<\/h2>\t\t\t\t<\/div>\n\t\t\t\t<\/div>\n\t\t            <\/div>\n        <\/div>\n                    <\/div>\n        <\/section>\n                <section class=\"elementor-section elementor-top-section elementor-element elementor-element-cf319fd elementor-section-boxed elementor-section-height-default elementor-section-height-default\" data-id=\"cf319fd\" data-element_type=\"section\" data-e-type=\"section\">\n            \n                        <div class=\"elementor-container elementor-column-gap-default \">\n                    <div class=\"elementor-column elementor-col-50 elementor-top-column elementor-element elementor-element-56cf4ec\" data-id=\"56cf4ec\" data-element_type=\"column\" data-e-type=\"column\">\n        <div class=\"elementor-widget-wrap elementor-element-populated\">\n                    \n        \t\t<div class=\"elementor-element elementor-element-5abc6ac elementor-widget elementor-widget-ct_fancy_box\" data-id=\"5abc6ac\" data-element_type=\"widget\" data-e-type=\"widget\" data-widget_type=\"ct_fancy_box.default\">\n\t\t\t\t<div class=\"elementor-widget-container\">\n\t\t\t\t\t<div class=\"ct-fancy-box ct-fancy-box-layout6 \" data-wow-delay=\"ms\">\r\n            <div class=\"item--icon\">\r\n            <i aria-hidden=\"true\" class=\"far fa-eye\"><\/i>        <\/div>\r\n            <div class=\"item--holder\">\r\n        <h3 class=\"item--title\">\r\n            Vis\u00e3o        <\/h3>\r\n        <div class=\"item--description\">Pastores(as) e igrejas saud\u00e1veis e discipuladoras.<\/div>\r\n    <\/div>\r\n    <\/div>\t\t\t\t<\/div>\n\t\t\t\t<\/div>\n\t\t            <\/div>\n        <\/div>\n                <div class=\"elementor-column elementor-col-50 elementor-top-column elementor-element elementor-element-742c5bd\" data-id=\"742c5bd\" data-element_type=\"column\" data-e-type=\"column\">\n        <div class=\"elementor-widget-wrap elementor-element-populated\">\n                    \n        \t\t<div class=\"elementor-element elementor-element-003c462 elementor-widget elementor-widget-ct_fancy_box\" data-id=\"003c462\" data-element_type=\"widget\" data-e-type=\"widget\" data-widget_type=\"ct_fancy_box.default\">\n\t\t\t\t<div class=\"elementor-widget-container\">\n\t\t\t\t\t<div class=\"ct-fancy-box ct-fancy-box-layout6 \" data-wow-delay=\"ms\">\r\n            <div class=\"item--icon\">\r\n            <i aria-hidden=\"true\" class=\"fas fa-hand-holding-heart\"><\/i>        <\/div>\r\n            <div class=\"item--holder\">\r\n        <h3 class=\"item--title\">\r\n            Nossos valores s\u00e3o:        <\/h3>\r\n        <div class=\"item--description\">Identidade e chamado de ser disc\u00edpulo(a) e discipulador(a); Servir a todo o Corpo de Cristo;\n Unidade de cora\u00e7\u00e3o e vis\u00e3o; Diversidade de maneiras;\n Igrejas saud\u00e1veis, discipuladoras e multiplicadoras;\n Ouvir a Deus.<span style=\"letter-spacing: 0px;\"><\/span><\/div>\r\n    <\/div>\r\n    <\/div>\t\t\t\t<\/div>\n\t\t\t\t<\/div>\n\t\t            <\/div>\n        <\/div>\n                    <\/div>\n        <\/section>\n        \t\t<\/div>\n\t\t","protected":false},"excerpt":{"rendered":"<p>COMO IGREJAS DISCIPULADORAS SE TORNOU UM MINIST\u00c9RIO Somos um minist\u00e9rio com o cora\u00e7\u00e3o voltado para o discipulado e assessoria. Ao longo do tempo desenvolvemos v\u00e1rias capacita\u00e7\u00f5es e assessoramos a v\u00e1rios projetos denominacionais de discipulado para pastores(as) e c\u00f4njuges e l\u00edderes. Temos capacitado e mobilizado pastores(as) e c\u00f4njuges e l\u00edderes para viv\u00eancia de uma igreja saud\u00e1vel [&hellip;]<\/p>\n","protected":false},"author":3,"featured_media":0,"parent":0,"menu_order":0,"comment_status":"closed","ping_status":"closed","template":"","meta":{"_acf_changed":false,"footnotes":""},"class_list":["post-4777","page","type-page","status-publish","hentry"],"acf":[],"yoast_head":"<!-- This site is optimized with the Yoast SEO plugin v27.4 - https:\/\/yoast.com\/product\/yoast-seo-wordpress\/ -->\n<title>Quem Somos - Igrejas Discipuladoras<\/title>\n<meta name=\"description\" content=\"Somos um minist\u00e9rio com o cora\u00e7\u00e3o voltado para o discipulado e assessoria.\" \/>\n<meta name=\"robots\" content=\"index, follow, max-snippet:-1, max-image-preview:large, max-video-preview:-1\" \/>\n<link rel=\"canonical\" href=\"https:\/\/www.igrejasdiscipuladoras.com.br\/br\/quem-somos\/\" \/>\n<meta property=\"og:locale\" content=\"pt_BR\" \/>\n<meta property=\"og:type\" content=\"article\" \/>\n<meta property=\"og:title\" content=\"Quem Somos - Igrejas Discipuladoras\" \/>\n<meta property=\"og:description\" content=\"Somos um minist\u00e9rio com o cora\u00e7\u00e3o voltado para o discipulado e assessoria.\" \/>\n<meta property=\"og:url\" content=\"https:\/\/www.igrejasdiscipuladoras.com.br\/br\/quem-somos\/\" \/>\n<meta property=\"og:site_name\" content=\"Igrejas Discipuladoras\" \/>\n<meta property=\"article:publisher\" content=\"https:\/\/www.facebook.com\/igrejasdiscipuladoras\" \/>\n<meta property=\"article:modified_time\" content=\"2025-02-28T19:53:22+00:00\" \/>\n<meta name=\"twitter:card\" content=\"summary_large_image\" \/>\n<meta name=\"twitter:label1\" content=\"Est. tempo de leitura\" \/>\n\t<meta name=\"twitter:data1\" content=\"3 minutos\" \/>\n<script type=\"application\/ld+json\" class=\"yoast-schema-graph\">{\"@context\":\"https:\\\/\\\/schema.org\",\"@graph\":[{\"@type\":\"WebPage\",\"@id\":\"https:\\\/\\\/www.igrejasdiscipuladoras.com.br\\\/br\\\/quem-somos\\\/\",\"url\":\"https:\\\/\\\/www.igrejasdiscipuladoras.com.br\\\/br\\\/quem-somos\\\/\",\"name\":\"Quem Somos - Igrejas Discipuladoras\",\"isPartOf\":{\"@id\":\"https:\\\/\\\/www.igrejasdiscipuladoras.com.br\\\/#website\"},\"datePublished\":\"2020-09-01T19:01:14+00:00\",\"dateModified\":\"2025-02-28T19:53:22+00:00\",\"description\":\"Somos um minist\u00e9rio com o cora\u00e7\u00e3o voltado para o discipulado e assessoria.\",\"breadcrumb\":{\"@id\":\"https:\\\/\\\/www.igrejasdiscipuladoras.com.br\\\/br\\\/quem-somos\\\/#breadcrumb\"},\"inLanguage\":\"pt-BR\",\"potentialAction\":[{\"@type\":\"ReadAction\",\"target\":[\"https:\\\/\\\/www.igrejasdiscipuladoras.com.br\\\/br\\\/quem-somos\\\/\"]}]},{\"@type\":\"BreadcrumbList\",\"@id\":\"https:\\\/\\\/www.igrejasdiscipuladoras.com.br\\\/br\\\/quem-somos\\\/#breadcrumb\",\"itemListElement\":[{\"@type\":\"ListItem\",\"position\":1,\"name\":\"In\u00edcio\",\"item\":\"https:\\\/\\\/www.igrejasdiscipuladoras.com.br\\\/\"},{\"@type\":\"ListItem\",\"position\":2,\"name\":\"Quem Somos\"}]},{\"@type\":\"WebSite\",\"@id\":\"https:\\\/\\\/www.igrejasdiscipuladoras.com.br\\\/#website\",\"url\":\"https:\\\/\\\/www.igrejasdiscipuladoras.com.br\\\/\",\"name\":\"Igrejas Discipuladoras\",\"description\":\"Ser e Fazer Disc\u00edpulos\",\"publisher\":{\"@id\":\"https:\\\/\\\/www.igrejasdiscipuladoras.com.br\\\/#organization\"},\"potentialAction\":[{\"@type\":\"SearchAction\",\"target\":{\"@type\":\"EntryPoint\",\"urlTemplate\":\"https:\\\/\\\/www.igrejasdiscipuladoras.com.br\\\/?s={search_term_string}\"},\"query-input\":{\"@type\":\"PropertyValueSpecification\",\"valueRequired\":true,\"valueName\":\"search_term_string\"}}],\"inLanguage\":\"pt-BR\"},{\"@type\":\"Organization\",\"@id\":\"https:\\\/\\\/www.igrejasdiscipuladoras.com.br\\\/#organization\",\"name\":\"Igrejas Discipuladoras\",\"url\":\"https:\\\/\\\/www.igrejasdiscipuladoras.com.br\\\/\",\"logo\":{\"@type\":\"ImageObject\",\"inLanguage\":\"pt-BR\",\"@id\":\"https:\\\/\\\/www.igrejasdiscipuladoras.com.br\\\/#\\\/schema\\\/logo\\\/image\\\/\",\"url\":\"https:\\\/\\\/www.igrejasdiscipuladoras.com.br\\\/wp-content\\\/uploads\\\/2020\\\/08\\\/logo-id-branco.jpg\",\"contentUrl\":\"https:\\\/\\\/www.igrejasdiscipuladoras.com.br\\\/wp-content\\\/uploads\\\/2020\\\/08\\\/logo-id-branco.jpg\",\"width\":1500,\"height\":500,\"caption\":\"Igrejas Discipuladoras\"},\"image\":{\"@id\":\"https:\\\/\\\/www.igrejasdiscipuladoras.com.br\\\/#\\\/schema\\\/logo\\\/image\\\/\"},\"sameAs\":[\"https:\\\/\\\/www.facebook.com\\\/igrejasdiscipuladoras\",\"https:\\\/\\\/www.instagram.com\\\/igrejasdiscipuladoras\\\/\"]}]}<\/script>\n<!-- \/ Yoast SEO plugin. -->","yoast_head_json":{"title":"Quem Somos - Igrejas Discipuladoras","description":"Somos um minist\u00e9rio com o cora\u00e7\u00e3o voltado para o discipulado e assessoria.","robots":{"index":"index","follow":"follow","max-snippet":"max-snippet:-1","max-image-preview":"max-image-preview:large","max-video-preview":"max-video-preview:-1"},"canonical":"https:\/\/www.igrejasdiscipuladoras.com.br\/br\/quem-somos\/","og_locale":"pt_BR","og_type":"article","og_title":"Quem Somos - Igrejas Discipuladoras","og_description":"Somos um minist\u00e9rio com o cora\u00e7\u00e3o voltado para o discipulado e assessoria.","og_url":"https:\/\/www.igrejasdiscipuladoras.com.br\/br\/quem-somos\/","og_site_name":"Igrejas Discipuladoras","article_publisher":"https:\/\/www.facebook.com\/igrejasdiscipuladoras","article_modified_time":"2025-02-28T19:53:22+00:00","twitter_card":"summary_large_image","twitter_misc":{"Est. tempo de leitura":"3 minutos"},"schema":{"@context":"https:\/\/schema.org","@graph":[{"@type":"WebPage","@id":"https:\/\/www.igrejasdiscipuladoras.com.br\/br\/quem-somos\/","url":"https:\/\/www.igrejasdiscipuladoras.com.br\/br\/quem-somos\/","name":"Quem Somos - Igrejas Discipuladoras","isPartOf":{"@id":"https:\/\/www.igrejasdiscipuladoras.com.br\/#website"},"datePublished":"2020-09-01T19:01:14+00:00","dateModified":"2025-02-28T19:53:22+00:00","description":"Somos um minist\u00e9rio com o cora\u00e7\u00e3o voltado para o discipulado e assessoria.","breadcrumb":{"@id":"https:\/\/www.igrejasdiscipuladoras.com.br\/br\/quem-somos\/#breadcrumb"},"inLanguage":"pt-BR","potentialAction":[{"@type":"ReadAction","target":["https:\/\/www.igrejasdiscipuladoras.com.br\/br\/quem-somos\/"]}]},{"@type":"BreadcrumbList","@id":"https:\/\/www.igrejasdiscipuladoras.com.br\/br\/quem-somos\/#breadcrumb","itemListElement":[{"@type":"ListItem","position":1,"name":"In\u00edcio","item":"https:\/\/www.igrejasdiscipuladoras.com.br\/"},{"@type":"ListItem","position":2,"name":"Quem Somos"}]},{"@type":"WebSite","@id":"https:\/\/www.igrejasdiscipuladoras.com.br\/#website","url":"https:\/\/www.igrejasdiscipuladoras.com.br\/","name":"Igrejas Discipuladoras","description":"Ser e Fazer Disc\u00edpulos","publisher":{"@id":"https:\/\/www.igrejasdiscipuladoras.com.br\/#organization"},"potentialAction":[{"@type":"SearchAction","target":{"@type":"EntryPoint","urlTemplate":"https:\/\/www.igrejasdiscipuladoras.com.br\/?s={search_term_string}"},"query-input":{"@type":"PropertyValueSpecification","valueRequired":true,"valueName":"search_term_string"}}],"inLanguage":"pt-BR"},{"@type":"Organization","@id":"https:\/\/www.igrejasdiscipuladoras.com.br\/#organization","name":"Igrejas Discipuladoras","url":"https:\/\/www.igrejasdiscipuladoras.com.br\/","logo":{"@type":"ImageObject","inLanguage":"pt-BR","@id":"https:\/\/www.igrejasdiscipuladoras.com.br\/#\/schema\/logo\/image\/","url":"https:\/\/www.igrejasdiscipuladoras.com.br\/wp-content\/uploads\/2020\/08\/logo-id-branco.jpg","contentUrl":"https:\/\/www.igrejasdiscipuladoras.com.br\/wp-content\/uploads\/2020\/08\/logo-id-branco.jpg","width":1500,"height":500,"caption":"Igrejas Discipuladoras"},"image":{"@id":"https:\/\/www.igrejasdiscipuladoras.com.br\/#\/schema\/logo\/image\/"},"sameAs":["https:\/\/www.facebook.com\/igrejasdiscipuladoras","https:\/\/www.instagram.com\/igrejasdiscipuladoras\/"]}]}},"_links":{"self":[{"href":"https:\/\/www.igrejasdiscipuladoras.com.br\/br\/wp-json\/wp\/v2\/pages\/4777","targetHints":{"allow":["GET"]}}],"collection":[{"href":"https:\/\/www.igrejasdiscipuladoras.com.br\/br\/wp-json\/wp\/v2\/pages"}],"about":[{"href":"https:\/\/www.igrejasdiscipuladoras.com.br\/br\/wp-json\/wp\/v2\/types\/page"}],"author":[{"embeddable":true,"href":"https:\/\/www.igrejasdiscipuladoras.com.br\/br\/wp-json\/wp\/v2\/users\/3"}],"replies":[{"embeddable":true,"href":"https:\/\/www.igrejasdiscipuladoras.com.br\/br\/wp-json\/wp\/v2\/comments?post=4777"}],"version-history":[{"count":25,"href":"https:\/\/www.igrejasdiscipuladoras.com.br\/br\/wp-json\/wp\/v2\/pages\/4777\/revisions"}],"predecessor-version":[{"id":7701,"href":"https:\/\/www.igrejasdiscipuladoras.com.br\/br\/wp-json\/wp\/v2\/pages\/4777\/revisions\/7701"}],"wp:attachment":[{"href":"https:\/\/www.igrejasdiscipuladoras.com.br\/br\/wp-json\/wp\/v2\/media?parent=4777"}],"curies":[{"name":"wp","href":"https:\/\/api.w.org\/{rel}","templated":true}]}}