{"id":24,"date":"2019-10-30T08:04:10","date_gmt":"2019-10-30T08:04:10","guid":{"rendered":"https:\/\/demo.casethemes.net\/consultio\/?page_id=24"},"modified":"2024-05-17T11:10:25","modified_gmt":"2024-05-17T14:10:25","slug":"contato","status":"publish","type":"page","link":"https:\/\/www.igrejasdiscipuladoras.com.br\/br\/contato\/","title":{"rendered":"Contato"},"content":{"rendered":"\t\t<div data-elementor-type=\"wp-page\" data-elementor-id=\"24\" class=\"elementor elementor-24\" data-elementor-post-type=\"page\">\n\t\t\t\t        <section class=\"elementor-section elementor-top-section elementor-element elementor-element-99fbaeb elementor-section-boxed elementor-section-height-default elementor-section-height-default\" data-id=\"99fbaeb\" data-element_type=\"section\" data-e-type=\"section\">\n            \n                        <div class=\"elementor-container elementor-column-gap-extended \">\n                    <div class=\"elementor-column elementor-col-33 elementor-top-column elementor-element elementor-element-e818542\" data-id=\"e818542\" data-element_type=\"column\" data-e-type=\"column\">\n        <div class=\"elementor-widget-wrap elementor-element-populated\">\n                    \n        \t\t<div class=\"elementor-element elementor-element-c8a2f48 elementor-widget elementor-widget-ct_fancy_box\" data-id=\"c8a2f48\" data-element_type=\"widget\" data-e-type=\"widget\" data-widget_type=\"ct_fancy_box.default\">\n\t\t\t\t<div class=\"elementor-widget-container\">\n\t\t\t\t\t<div class=\"ct-fancy-box ct-fancy-box-layout1 style1 \" data-wow-delay=\"ms\">\r\n            <div class=\"item--icon\">\r\n            <i aria-hidden=\"true\" class=\"fas fa-map-marker-alt\"><\/i>        <\/div>\r\n            <div class=\"item--holder\">\r\n        <h3 class=\"item--title\">\r\n            Nosso Endere\u00e7o        <\/h3>\r\n        <div class=\"item--description\">Rua Rocio 59, Vila Olimpia, SP - CEP: 04552-000<\/div>\r\n    <\/div>\r\n<\/div>\t\t\t\t<\/div>\n\t\t\t\t<\/div>\n\t\t            <\/div>\n        <\/div>\n                <div class=\"elementor-column elementor-col-33 elementor-top-column elementor-element elementor-element-d5f3e79\" data-id=\"d5f3e79\" data-element_type=\"column\" data-e-type=\"column\">\n        <div class=\"elementor-widget-wrap elementor-element-populated\">\n                    \n        \t\t<div class=\"elementor-element elementor-element-9e16110 elementor-widget elementor-widget-ct_fancy_box\" data-id=\"9e16110\" data-element_type=\"widget\" data-e-type=\"widget\" data-widget_type=\"ct_fancy_box.default\">\n\t\t\t\t<div class=\"elementor-widget-container\">\n\t\t\t\t\t<div class=\"ct-fancy-box ct-fancy-box-layout1 style1 \" data-wow-delay=\"ms\">\r\n            <div class=\"item--icon\">\r\n            <i aria-hidden=\"true\" class=\"fas fa-phone-alt\"><\/i>        <\/div>\r\n            <div class=\"item--holder\">\r\n        <h3 class=\"item--title\">\r\n            Telefone \/ Whatsapp        <\/h3>\r\n        <div class=\"item--description\">+55 61 98199-1448<\/div>\r\n    <\/div>\r\n<\/div>\t\t\t\t<\/div>\n\t\t\t\t<\/div>\n\t\t            <\/div>\n        <\/div>\n                <div class=\"elementor-column elementor-col-33 elementor-top-column elementor-element elementor-element-729a4d3\" data-id=\"729a4d3\" data-element_type=\"column\" data-e-type=\"column\">\n        <div class=\"elementor-widget-wrap elementor-element-populated\">\n                    \n        \t\t<div class=\"elementor-element elementor-element-485cc85 elementor-widget elementor-widget-ct_fancy_box\" data-id=\"485cc85\" data-element_type=\"widget\" data-e-type=\"widget\" data-widget_type=\"ct_fancy_box.default\">\n\t\t\t\t<div class=\"elementor-widget-container\">\n\t\t\t\t\t<div class=\"ct-fancy-box ct-fancy-box-layout1 style1 \" data-wow-delay=\"ms\">\r\n            <div class=\"item--icon\">\r\n            <i aria-hidden=\"true\" class=\"fas fa-envelope\"><\/i>        <\/div>\r\n            <div class=\"item--holder\">\r\n        <h3 class=\"item--title\">\r\n            E-mail        <\/h3>\r\n        <div class=\"item--description\">igrejasdiscipuladoras@gmail.com<\/div>\r\n    <\/div>\r\n<\/div>\t\t\t\t<\/div>\n\t\t\t\t<\/div>\n\t\t            <\/div>\n        <\/div>\n                    <\/div>\n        <\/section>\n                <section class=\"elementor-section elementor-top-section elementor-element elementor-element-d8bdc5a elementor-section-boxed elementor-section-height-default elementor-section-height-default\" data-id=\"d8bdc5a\" data-element_type=\"section\" data-e-type=\"section\">\n            \n                        <div class=\"elementor-container elementor-column-gap-extended \">\n                    <div class=\"elementor-column elementor-col-50 elementor-top-column elementor-element elementor-element-13f51f0\" data-id=\"13f51f0\" data-element_type=\"column\" data-e-type=\"column\">\n        <div class=\"elementor-widget-wrap elementor-element-populated\">\n                    \n        \t\t<div class=\"elementor-element elementor-element-12c802c elementor-widget elementor-widget-image\" data-id=\"12c802c\" data-element_type=\"widget\" data-e-type=\"widget\" data-widget_type=\"image.default\">\n\t\t\t\t<div class=\"elementor-widget-container\">\n\t\t\t\t\t\t\t\t\t\t\t\t\t\t\t<img fetchpriority=\"high\" decoding=\"async\" width=\"957\" height=\"662\" src=\"https:\/\/www.igrejasdiscipuladoras.com.br\/wp-content\/uploads\/2020\/09\/mulheres-mentoras-contato.png\" class=\"attachment-full size-full wp-image-5411\" alt=\"\" srcset=\"https:\/\/www.igrejasdiscipuladoras.com.br\/wp-content\/uploads\/2020\/09\/mulheres-mentoras-contato.png 957w, https:\/\/www.igrejasdiscipuladoras.com.br\/wp-content\/uploads\/2020\/09\/mulheres-mentoras-contato-600x415.png 600w, https:\/\/www.igrejasdiscipuladoras.com.br\/wp-content\/uploads\/2020\/09\/mulheres-mentoras-contato-300x208.png 300w, https:\/\/www.igrejasdiscipuladoras.com.br\/wp-content\/uploads\/2020\/09\/mulheres-mentoras-contato-768x531.png 768w\" sizes=\"(max-width: 957px) 100vw, 957px\" \/>\t\t\t\t\t\t\t\t\t\t\t\t\t\t\t<\/div>\n\t\t\t\t<\/div>\n\t\t            <\/div>\n        <\/div>\n                <div class=\"elementor-column elementor-col-50 elementor-top-column elementor-element elementor-element-4c2fc51\" data-id=\"4c2fc51\" data-element_type=\"column\" data-e-type=\"column\">\n        <div class=\"elementor-widget-wrap elementor-element-populated\">\n                    \n        \t\t<div class=\"elementor-element elementor-element-d6bfcba elementor-widget elementor-widget-ct_heading\" data-id=\"d6bfcba\" data-element_type=\"widget\" data-e-type=\"widget\" data-widget_type=\"ct_heading.default\">\n\t\t\t\t<div class=\"elementor-widget-container\">\n\t\t\t\t\t<div class=\"ct-heading h-align-  sub- ct-heading-left item-st-line-top1\" data-wow-delay=\"ms\">\r\n\t    <h3 class=\"item--title st-line-top1\">\r\n                    <div class=\"ct-heading-divider\"><span><\/span><\/div>\r\n                <span>\r\n                        Quer entrar em contato conosco de forma r\u00e1pida? Preencha o formul\u00e1rio abaixo                    <\/span>\r\n            <\/h3>\r\n<\/div>\t\t\t\t<\/div>\n\t\t\t\t<\/div>\n\t\t\t\t<div class=\"elementor-element elementor-element-f409baa elementor-widget elementor-widget-ct_ctf7\" data-id=\"f409baa\" data-element_type=\"widget\" data-e-type=\"widget\" data-widget_type=\"ct_ctf7.default\">\n\t\t\t\t<div class=\"elementor-widget-container\">\n\t\t\t\t\t    <div class=\"ct-contact-form-layout1 style1 \">\r\n                <div class=\"ct-contact-form-inner\">\r\n        \t            <div class=\"ct-contact-form\">\r\n                \n<div class=\"wpcf7 no-js\" id=\"wpcf7-f91-o1\" lang=\"en-US\" dir=\"ltr\" data-wpcf7-id=\"91\">\n<div class=\"screen-reader-response\"><p role=\"status\" aria-live=\"polite\" aria-atomic=\"true\"><\/p> <ul><\/ul><\/div>\n<form action=\"\/br\/wp-json\/wp\/v2\/pages\/24#wpcf7-f91-o1\" method=\"post\" class=\"wpcf7-form init cf7mls-no-scroll cf7mls-no-moving-animation\" aria-label=\"Contact form\" novalidate=\"novalidate\" data-status=\"init\">\n<fieldset class=\"hidden-fields-container\"><input type=\"hidden\" name=\"_wpcf7\" value=\"91\" \/><input type=\"hidden\" name=\"_wpcf7_version\" value=\"6.1.5\" \/><input type=\"hidden\" name=\"_wpcf7_locale\" value=\"en_US\" \/><input type=\"hidden\" name=\"_wpcf7_unit_tag\" value=\"wpcf7-f91-o1\" \/><input type=\"hidden\" name=\"_wpcf7_container_post\" value=\"0\" \/><input type=\"hidden\" name=\"_wpcf7_posted_data_hash\" value=\"\" \/>\n<\/fieldset>\n<div class=\"input-filled\">\n\t<p><span class=\"wpcf7-form-control-wrap\" data-name=\"seu-nome\"><input size=\"40\" maxlength=\"400\" class=\"wpcf7-form-control wpcf7-text wpcf7-validates-as-required\" aria-required=\"true\" aria-invalid=\"false\" placeholder=\"Seu Nome*\" value=\"\" type=\"text\" name=\"seu-nome\" \/><\/span>\n\t<\/p>\n<\/div>\n<div class=\"input-filled\">\n\t<p><span class=\"wpcf7-form-control-wrap\" data-name=\"seu-email\"><input size=\"40\" maxlength=\"400\" class=\"wpcf7-form-control wpcf7-email wpcf7-validates-as-required wpcf7-text wpcf7-validates-as-email\" aria-required=\"true\" aria-invalid=\"false\" placeholder=\"Seu E-mail*\" value=\"\" type=\"email\" name=\"seu-email\" \/><\/span>\n\t<\/p>\n<\/div>\n<div class=\"input-filled\">\n\t<p><span class=\"wpcf7-form-control-wrap\" data-name=\"seu-telefone\"><input size=\"40\" maxlength=\"400\" class=\"wpcf7-form-control wpcf7-text wpcf7-validates-as-required\" aria-required=\"true\" aria-invalid=\"false\" placeholder=\"Telefone*\" value=\"\" type=\"text\" name=\"seu-telefone\" \/><\/span>\n\t<\/p>\n<\/div>\n<div class=\"input-filled\">\n\t<p><span class=\"wpcf7-form-control-wrap\" data-name=\"seu-assunto\"><select class=\"wpcf7-form-control wpcf7-select wpcf7-validates-as-required\" aria-required=\"true\" aria-invalid=\"false\" name=\"seu-assunto\"><option value=\"D\u00favidas\">D\u00favidas<\/option><option value=\"Capacita\u00e7\u00f5es\">Capacita\u00e7\u00f5es<\/option><option value=\"Loja\">Loja<\/option><option value=\"Outros\">Outros<\/option><\/select><\/span>\n\t<\/p>\n<\/div>\n<p><span class=\"wpcf7-form-control-wrap\" data-name=\"sua-mensagem\"><textarea cols=\"40\" rows=\"10\" maxlength=\"2000\" class=\"wpcf7-form-control wpcf7-textarea\" aria-invalid=\"false\" name=\"sua-mensagem\"><\/textarea><\/span>\n<\/p>\n<div class=\"input-filled\">\n\t<p><button type=\"submit\" class=\"wpcf7-submit btn btn-block\"><i class=\"fac fac-check-circle space-right\"><\/i>Enviar Mensagem<\/button>\n\t<\/p>\n<\/div><p style=\"display: none !important;\" class=\"akismet-fields-container\" data-prefix=\"_wpcf7_ak_\"><label>&#916;<textarea name=\"_wpcf7_ak_hp_textarea\" cols=\"45\" rows=\"8\" maxlength=\"100\"><\/textarea><\/label><input type=\"hidden\" id=\"ak_js_1\" name=\"_wpcf7_ak_js\" value=\"30\"\/><script>document.getElementById( \"ak_js_1\" ).setAttribute( \"value\", ( new Date() ).getTime() );<\/script><\/p><div class=\"wpcf7-response-output\" aria-hidden=\"true\"><\/div>\n<\/form>\n<\/div>\n            <\/div>\r\n        <\/div>\r\n            <\/div>\r\n\t\t\t\t<\/div>\n\t\t\t\t<\/div>\n\t\t            <\/div>\n        <\/div>\n                    <\/div>\n        <\/section>\n        \t\t<\/div>\n\t\t","protected":false},"excerpt":{"rendered":"<p>Nosso Endere\u00e7o Rua Rocio 59, Vila Olimpia, SP &#8211; CEP: 04552-000 Telefone \/ Whatsapp +55 61 98199-1448 E-mail igrejasdiscipuladoras@gmail.com Quer entrar em contato conosco de forma r\u00e1pida? Preencha o formul\u00e1rio abaixo D\u00favidasCapacita\u00e7\u00f5esLojaOutros Enviar Mensagem<\/p>\n","protected":false},"author":3,"featured_media":0,"parent":0,"menu_order":0,"comment_status":"closed","ping_status":"closed","template":"","meta":{"_acf_changed":false,"footnotes":""},"class_list":["post-24","page","type-page","status-publish","hentry"],"acf":[],"yoast_head":"<!-- This site is optimized with the Yoast SEO plugin v27.4 - https:\/\/yoast.com\/product\/yoast-seo-wordpress\/ -->\n<title>Contato - Igrejas Discipuladoras<\/title>\n<meta name=\"robots\" content=\"index, follow, max-snippet:-1, max-image-preview:large, max-video-preview:-1\" \/>\n<link rel=\"canonical\" href=\"https:\/\/www.igrejasdiscipuladoras.com.br\/br\/contato\/\" \/>\n<meta property=\"og:locale\" content=\"pt_BR\" \/>\n<meta property=\"og:type\" content=\"article\" \/>\n<meta property=\"og:title\" content=\"Contato - Igrejas Discipuladoras\" \/>\n<meta property=\"og:description\" content=\"Nosso Endere\u00e7o Rua Rocio 59, Vila Olimpia, SP &#8211; CEP: 04552-000 Telefone \/ Whatsapp +55 61 98199-1448 E-mail igrejasdiscipuladoras@gmail.com Quer entrar em contato conosco de forma r\u00e1pida? Preencha o formul\u00e1rio abaixo D\u00favidasCapacita\u00e7\u00f5esLojaOutros Enviar Mensagem\" \/>\n<meta property=\"og:url\" content=\"https:\/\/www.igrejasdiscipuladoras.com.br\/br\/contato\/\" \/>\n<meta property=\"og:site_name\" content=\"Igrejas Discipuladoras\" \/>\n<meta property=\"article:publisher\" content=\"https:\/\/www.facebook.com\/igrejasdiscipuladoras\" \/>\n<meta property=\"article:modified_time\" content=\"2024-05-17T14:10:25+00:00\" \/>\n<meta property=\"og:image\" content=\"https:\/\/www.igrejasdiscipuladoras.com.br\/wp-content\/uploads\/2020\/09\/mulheres-mentoras-contato.png\" \/>\n<meta name=\"twitter:card\" content=\"summary_large_image\" \/>\n<meta name=\"twitter:label1\" content=\"Est. tempo de leitura\" \/>\n\t<meta name=\"twitter:data1\" content=\"1 minuto\" \/>\n<script type=\"application\/ld+json\" class=\"yoast-schema-graph\">{\"@context\":\"https:\\\/\\\/schema.org\",\"@graph\":[{\"@type\":\"WebPage\",\"@id\":\"https:\\\/\\\/www.igrejasdiscipuladoras.com.br\\\/contato\\\/\",\"url\":\"https:\\\/\\\/www.igrejasdiscipuladoras.com.br\\\/contato\\\/\",\"name\":\"Contato - Igrejas Discipuladoras\",\"isPartOf\":{\"@id\":\"https:\\\/\\\/www.igrejasdiscipuladoras.com.br\\\/#website\"},\"primaryImageOfPage\":{\"@id\":\"https:\\\/\\\/www.igrejasdiscipuladoras.com.br\\\/contato\\\/#primaryimage\"},\"image\":{\"@id\":\"https:\\\/\\\/www.igrejasdiscipuladoras.com.br\\\/contato\\\/#primaryimage\"},\"thumbnailUrl\":\"https:\\\/\\\/www.igrejasdiscipuladoras.com.br\\\/wp-content\\\/uploads\\\/2020\\\/09\\\/mulheres-mentoras-contato.png\",\"datePublished\":\"2019-10-30T08:04:10+00:00\",\"dateModified\":\"2024-05-17T14:10:25+00:00\",\"breadcrumb\":{\"@id\":\"https:\\\/\\\/www.igrejasdiscipuladoras.com.br\\\/contato\\\/#breadcrumb\"},\"inLanguage\":\"pt-BR\",\"potentialAction\":[{\"@type\":\"ReadAction\",\"target\":[\"https:\\\/\\\/www.igrejasdiscipuladoras.com.br\\\/contato\\\/\"]}]},{\"@type\":\"ImageObject\",\"inLanguage\":\"pt-BR\",\"@id\":\"https:\\\/\\\/www.igrejasdiscipuladoras.com.br\\\/contato\\\/#primaryimage\",\"url\":\"https:\\\/\\\/www.igrejasdiscipuladoras.com.br\\\/wp-content\\\/uploads\\\/2020\\\/09\\\/mulheres-mentoras-contato.png\",\"contentUrl\":\"https:\\\/\\\/www.igrejasdiscipuladoras.com.br\\\/wp-content\\\/uploads\\\/2020\\\/09\\\/mulheres-mentoras-contato.png\"},{\"@type\":\"BreadcrumbList\",\"@id\":\"https:\\\/\\\/www.igrejasdiscipuladoras.com.br\\\/contato\\\/#breadcrumb\",\"itemListElement\":[{\"@type\":\"ListItem\",\"position\":1,\"name\":\"In\u00edcio\",\"item\":\"https:\\\/\\\/www.igrejasdiscipuladoras.com.br\\\/\"},{\"@type\":\"ListItem\",\"position\":2,\"name\":\"Contato\"}]},{\"@type\":\"WebSite\",\"@id\":\"https:\\\/\\\/www.igrejasdiscipuladoras.com.br\\\/#website\",\"url\":\"https:\\\/\\\/www.igrejasdiscipuladoras.com.br\\\/\",\"name\":\"Igrejas Discipuladoras\",\"description\":\"Ser e Fazer Disc\u00edpulos\",\"publisher\":{\"@id\":\"https:\\\/\\\/www.igrejasdiscipuladoras.com.br\\\/#organization\"},\"potentialAction\":[{\"@type\":\"SearchAction\",\"target\":{\"@type\":\"EntryPoint\",\"urlTemplate\":\"https:\\\/\\\/www.igrejasdiscipuladoras.com.br\\\/?s={search_term_string}\"},\"query-input\":{\"@type\":\"PropertyValueSpecification\",\"valueRequired\":true,\"valueName\":\"search_term_string\"}}],\"inLanguage\":\"pt-BR\"},{\"@type\":\"Organization\",\"@id\":\"https:\\\/\\\/www.igrejasdiscipuladoras.com.br\\\/#organization\",\"name\":\"Igrejas Discipuladoras\",\"url\":\"https:\\\/\\\/www.igrejasdiscipuladoras.com.br\\\/\",\"logo\":{\"@type\":\"ImageObject\",\"inLanguage\":\"pt-BR\",\"@id\":\"https:\\\/\\\/www.igrejasdiscipuladoras.com.br\\\/#\\\/schema\\\/logo\\\/image\\\/\",\"url\":\"https:\\\/\\\/www.igrejasdiscipuladoras.com.br\\\/wp-content\\\/uploads\\\/2020\\\/08\\\/logo-id-branco.jpg\",\"contentUrl\":\"https:\\\/\\\/www.igrejasdiscipuladoras.com.br\\\/wp-content\\\/uploads\\\/2020\\\/08\\\/logo-id-branco.jpg\",\"width\":1500,\"height\":500,\"caption\":\"Igrejas Discipuladoras\"},\"image\":{\"@id\":\"https:\\\/\\\/www.igrejasdiscipuladoras.com.br\\\/#\\\/schema\\\/logo\\\/image\\\/\"},\"sameAs\":[\"https:\\\/\\\/www.facebook.com\\\/igrejasdiscipuladoras\",\"https:\\\/\\\/www.instagram.com\\\/igrejasdiscipuladoras\\\/\"]}]}<\/script>\n<!-- \/ Yoast SEO plugin. -->","yoast_head_json":{"title":"Contato - Igrejas Discipuladoras","robots":{"index":"index","follow":"follow","max-snippet":"max-snippet:-1","max-image-preview":"max-image-preview:large","max-video-preview":"max-video-preview:-1"},"canonical":"https:\/\/www.igrejasdiscipuladoras.com.br\/br\/contato\/","og_locale":"pt_BR","og_type":"article","og_title":"Contato - Igrejas Discipuladoras","og_description":"Nosso Endere\u00e7o Rua Rocio 59, Vila Olimpia, SP &#8211; CEP: 04552-000 Telefone \/ Whatsapp +55 61 98199-1448 E-mail igrejasdiscipuladoras@gmail.com Quer entrar em contato conosco de forma r\u00e1pida? Preencha o formul\u00e1rio abaixo D\u00favidasCapacita\u00e7\u00f5esLojaOutros Enviar Mensagem","og_url":"https:\/\/www.igrejasdiscipuladoras.com.br\/br\/contato\/","og_site_name":"Igrejas Discipuladoras","article_publisher":"https:\/\/www.facebook.com\/igrejasdiscipuladoras","article_modified_time":"2024-05-17T14:10:25+00:00","og_image":[{"url":"https:\/\/www.igrejasdiscipuladoras.com.br\/wp-content\/uploads\/2020\/09\/mulheres-mentoras-contato.png","type":"","width":"","height":""}],"twitter_card":"summary_large_image","twitter_misc":{"Est. tempo de leitura":"1 minuto"},"schema":{"@context":"https:\/\/schema.org","@graph":[{"@type":"WebPage","@id":"https:\/\/www.igrejasdiscipuladoras.com.br\/contato\/","url":"https:\/\/www.igrejasdiscipuladoras.com.br\/contato\/","name":"Contato - Igrejas Discipuladoras","isPartOf":{"@id":"https:\/\/www.igrejasdiscipuladoras.com.br\/#website"},"primaryImageOfPage":{"@id":"https:\/\/www.igrejasdiscipuladoras.com.br\/contato\/#primaryimage"},"image":{"@id":"https:\/\/www.igrejasdiscipuladoras.com.br\/contato\/#primaryimage"},"thumbnailUrl":"https:\/\/www.igrejasdiscipuladoras.com.br\/wp-content\/uploads\/2020\/09\/mulheres-mentoras-contato.png","datePublished":"2019-10-30T08:04:10+00:00","dateModified":"2024-05-17T14:10:25+00:00","breadcrumb":{"@id":"https:\/\/www.igrejasdiscipuladoras.com.br\/contato\/#breadcrumb"},"inLanguage":"pt-BR","potentialAction":[{"@type":"ReadAction","target":["https:\/\/www.igrejasdiscipuladoras.com.br\/contato\/"]}]},{"@type":"ImageObject","inLanguage":"pt-BR","@id":"https:\/\/www.igrejasdiscipuladoras.com.br\/contato\/#primaryimage","url":"https:\/\/www.igrejasdiscipuladoras.com.br\/wp-content\/uploads\/2020\/09\/mulheres-mentoras-contato.png","contentUrl":"https:\/\/www.igrejasdiscipuladoras.com.br\/wp-content\/uploads\/2020\/09\/mulheres-mentoras-contato.png"},{"@type":"BreadcrumbList","@id":"https:\/\/www.igrejasdiscipuladoras.com.br\/contato\/#breadcrumb","itemListElement":[{"@type":"ListItem","position":1,"name":"In\u00edcio","item":"https:\/\/www.igrejasdiscipuladoras.com.br\/"},{"@type":"ListItem","position":2,"name":"Contato"}]},{"@type":"WebSite","@id":"https:\/\/www.igrejasdiscipuladoras.com.br\/#website","url":"https:\/\/www.igrejasdiscipuladoras.com.br\/","name":"Igrejas Discipuladoras","description":"Ser e Fazer Disc\u00edpulos","publisher":{"@id":"https:\/\/www.igrejasdiscipuladoras.com.br\/#organization"},"potentialAction":[{"@type":"SearchAction","target":{"@type":"EntryPoint","urlTemplate":"https:\/\/www.igrejasdiscipuladoras.com.br\/?s={search_term_string}"},"query-input":{"@type":"PropertyValueSpecification","valueRequired":true,"valueName":"search_term_string"}}],"inLanguage":"pt-BR"},{"@type":"Organization","@id":"https:\/\/www.igrejasdiscipuladoras.com.br\/#organization","name":"Igrejas Discipuladoras","url":"https:\/\/www.igrejasdiscipuladoras.com.br\/","logo":{"@type":"ImageObject","inLanguage":"pt-BR","@id":"https:\/\/www.igrejasdiscipuladoras.com.br\/#\/schema\/logo\/image\/","url":"https:\/\/www.igrejasdiscipuladoras.com.br\/wp-content\/uploads\/2020\/08\/logo-id-branco.jpg","contentUrl":"https:\/\/www.igrejasdiscipuladoras.com.br\/wp-content\/uploads\/2020\/08\/logo-id-branco.jpg","width":1500,"height":500,"caption":"Igrejas Discipuladoras"},"image":{"@id":"https:\/\/www.igrejasdiscipuladoras.com.br\/#\/schema\/logo\/image\/"},"sameAs":["https:\/\/www.facebook.com\/igrejasdiscipuladoras","https:\/\/www.instagram.com\/igrejasdiscipuladoras\/"]}]}},"_links":{"self":[{"href":"https:\/\/www.igrejasdiscipuladoras.com.br\/br\/wp-json\/wp\/v2\/pages\/24","targetHints":{"allow":["GET"]}}],"collection":[{"href":"https:\/\/www.igrejasdiscipuladoras.com.br\/br\/wp-json\/wp\/v2\/pages"}],"about":[{"href":"https:\/\/www.igrejasdiscipuladoras.com.br\/br\/wp-json\/wp\/v2\/types\/page"}],"author":[{"embeddable":true,"href":"https:\/\/www.igrejasdiscipuladoras.com.br\/br\/wp-json\/wp\/v2\/users\/3"}],"replies":[{"embeddable":true,"href":"https:\/\/www.igrejasdiscipuladoras.com.br\/br\/wp-json\/wp\/v2\/comments?post=24"}],"version-history":[{"count":13,"href":"https:\/\/www.igrejasdiscipuladoras.com.br\/br\/wp-json\/wp\/v2\/pages\/24\/revisions"}],"predecessor-version":[{"id":7212,"href":"https:\/\/www.igrejasdiscipuladoras.com.br\/br\/wp-json\/wp\/v2\/pages\/24\/revisions\/7212"}],"wp:attachment":[{"href":"https:\/\/www.igrejasdiscipuladoras.com.br\/br\/wp-json\/wp\/v2\/media?parent=24"}],"curies":[{"name":"wp","href":"https:\/\/api.w.org\/{rel}","templated":true}]}}